{"id":13767,"date":"2023-05-11T17:28:20","date_gmt":"2023-05-11T15:28:20","guid":{"rendered":"https:\/\/lapasion.es\/condiciones-de-compra-y-envio\/"},"modified":"2023-05-17T17:21:44","modified_gmt":"2023-05-17T15:21:44","slug":"conditions-vente-et-de-livraison","status":"publish","type":"page","link":"https:\/\/lapasion.es\/fr\/conditions-vente-et-de-livraison\/","title":{"rendered":"Conditions de vente et de livraison"},"content":{"rendered":"\n<div class=\"wp-block-uagb-container uagb-block-40fc4990 alignfull uagb-is-root-container\"><div class=\"uagb-container-inner-blocks-wrap\">\n<p>La simple acceptation de l&rsquo;achat par la confirmation de la commande pass\u00e9e implique l&rsquo;acceptation des pr\u00e9sentes conditions qui r\u00e9giront, en l&rsquo;absence de conditions particuli\u00e8res, les relations \u00e9tablies entre vous et Lapasi\u00f3n Internacional S.A.<\/p>\n\n\n\n<p>Les coordonn\u00e9es commerciales de Lapasi\u00f3n Internacional sont les suivantes :<\/p>\n\n\n\n<p>Lapasi\u00f3n Internacional S.A., dont le si\u00e8ge social est situ\u00e9 \u00e0 Saragosse, Pol. Ind. Malpica C\/ F, Oeste, 47 ; CIF. A-50179233<\/p>\n\n\n\n<p>Le num\u00e9ro de t\u00e9l\u00e9phone 976 57 08 92 et l&rsquo;adresse \u00e9lectronique reposteria@lapasion.es sont \u00e0 votre disposition pour r\u00e9soudre tout doute relatif \u00e0 ces conditions.<\/p>\n\n\n\n<p>En acceptant le contrat, vous d\u00e9clarez<\/p>\n\n\n\n<p>a) Avoir la capacit\u00e9 de contracter, conform\u00e9ment \u00e0 la r\u00e9glementation espagnole en vigueur.<br>b) Que vous avez lu et accept\u00e9 express\u00e9ment chacune des pr\u00e9sentes conditions g\u00e9n\u00e9rales.<\/p>\n<\/div><\/div>\n","protected":false},"excerpt":{"rendered":"<p>La simple acceptation de l&rsquo;achat par la confirmation de la commande pass\u00e9e implique l&rsquo;acceptation des pr\u00e9sentes conditions qui r\u00e9giront, en l&rsquo;absence de conditions particuli\u00e8res, les relations \u00e9tablies entre vous et Lapasi\u00f3n Internacional S.A. Les coordonn\u00e9es commerciales de Lapasi\u00f3n Internacional sont les suivantes : Lapasi\u00f3n Internacional S.A., dont le si\u00e8ge social est situ\u00e9 \u00e0 Saragosse, Pol. [&hellip;]<\/p>\n","protected":false},"author":2,"featured_media":0,"parent":0,"menu_order":0,"comment_status":"closed","ping_status":"closed","template":"","meta":{"_acf_changed":false,"_uag_custom_page_level_css":"","_genesis_hide_title":false,"_genesis_hide_breadcrumbs":false,"_genesis_hide_singular_image":false,"_genesis_hide_footer_widgets":false,"_genesis_custom_body_class":"","_genesis_custom_post_class":"","_genesis_layout":"","footnotes":""},"class_list":{"0":"post-13767","1":"page","2":"type-page","3":"status-publish","5":"entry"},"acf":[],"uagb_featured_image_src":{"full":false,"thumbnail":false,"medium":false,"medium_large":false,"large":false,"1536x1536":false,"2048x2048":false,"gur_featured_image":false,"gur_blog_thumbnail":false,"woocommerce_thumbnail":false,"woocommerce_single":false,"woocommerce_gallery_thumbnail":false},"uagb_author_info":{"display_name":"cvaliente","author_link":"https:\/\/lapasion.es\/fr\/author\/cvaliente\/"},"uagb_comment_info":0,"uagb_excerpt":"La simple acceptation de l&rsquo;achat par la confirmation de la commande pass\u00e9e implique l&rsquo;acceptation des pr\u00e9sentes conditions qui r\u00e9giront, en l&rsquo;absence de conditions particuli\u00e8res, les relations \u00e9tablies entre vous et Lapasi\u00f3n Internacional S.A. Les coordonn\u00e9es commerciales de Lapasi\u00f3n Internacional sont les suivantes : Lapasi\u00f3n Internacional S.A., dont le si\u00e8ge social est situ\u00e9 \u00e0 Saragosse, Pol.\u2026","_links":{"self":[{"href":"https:\/\/lapasion.es\/fr\/wp-json\/wp\/v2\/pages\/13767","targetHints":{"allow":["GET"]}}],"collection":[{"href":"https:\/\/lapasion.es\/fr\/wp-json\/wp\/v2\/pages"}],"about":[{"href":"https:\/\/lapasion.es\/fr\/wp-json\/wp\/v2\/types\/page"}],"author":[{"embeddable":true,"href":"https:\/\/lapasion.es\/fr\/wp-json\/wp\/v2\/users\/2"}],"replies":[{"embeddable":true,"href":"https:\/\/lapasion.es\/fr\/wp-json\/wp\/v2\/comments?post=13767"}],"version-history":[{"count":0,"href":"https:\/\/lapasion.es\/fr\/wp-json\/wp\/v2\/pages\/13767\/revisions"}],"wp:attachment":[{"href":"https:\/\/lapasion.es\/fr\/wp-json\/wp\/v2\/media?parent=13767"}],"curies":[{"name":"wp","href":"https:\/\/api.w.org\/{rel}","templated":true}]}}