{"id":13760,"date":"2023-05-11T17:27:38","date_gmt":"2023-05-11T15:27:38","guid":{"rendered":"https:\/\/lapasion.es\/quienes-somos\/"},"modified":"2023-08-02T12:26:51","modified_gmt":"2023-08-02T10:26:51","slug":"entreprise","status":"publish","type":"page","link":"https:\/\/lapasion.es\/fr\/entreprise\/","title":{"rendered":"Qui sommes nous"},"content":{"rendered":"<div class=\"block-wrapper block-wrapper-cfb block-wrapper-header background-as-attr background-as-attr bg-norepeat\" data-image-src=\"https:\/\/lapasion.es\/wp-content\/uploads\/2023\/05\/nave-lapasion.jpg\"><div class=\"container\"><div class=\"block-content-wrapper\"><div class=\"block-description background-as-attr\" data-image-src=\"https:\/\/lapasion.es\/wp-content\/uploads\/2023\/05\/favicon.png\"><h1>Lapasi\u00f3n<\/h1>\n<p>Fabrication de bonbons depuis 1987<\/p>\n<\/div><\/div><\/div><\/div>\n\n<section class=\"block-wrapper block-wrapper-cfb block-wrapper-steps\"><div class=\"container\"><h2 class=\"block-title\">Notre histoire<\/h2><div class=\"steps\">\n                    <article class=\"steps-item\">\n                        <h3 class=\"step-name\">1970<\/h3>\n                        <div class=\"step-value\">Ernesto del Rio Lapasion s&rsquo;associe \u00e0 une p\u00e2tisserie \u00e0 Saragosse<\/div>\n                    <\/article>\n                    <article class=\"steps-item\">\n                        <h3 class=\"step-name\">1987<\/h3>\n                        <div class=\"step-value\">Lapasion Internacional est consolid\u00e9e et cr\u00e9\u00e9e, cherchant \u00e0 \u00e9tendre son territoire.<\/div>\n                    <\/article>\n                    <article class=\"steps-item\">\n                        <h3 class=\"step-name\">Los 90<\/h3>\n                        <div class=\"step-value\">L&rsquo;achat d&rsquo;usines commence, avec une expansion et une consolidation sur l&rsquo;ensemble du territoire national.<\/div>\n                    <\/article>\n                    <article class=\"steps-item\">\n                        <h3 class=\"step-name\">1996<\/h3>\n                        <div class=\"step-value\">Nous avons commenc\u00e9 \u00e0 exporter, principalement vers la France, l&rsquo;Andorre, le Portugal, la Belgique et l&rsquo;Italie.<\/div>\n                    <\/article>\n                    <article class=\"steps-item\">\n                        <h3 class=\"step-name\">Siglo XXI<\/h3>\n                        <div class=\"step-value\">Nous avons consolid\u00e9 notre internationalisation en Europe, atteint les \u00c9tats-Unis et poursuivons actuellement notre expansion dans le reste du monde.<\/div>\n                    <\/article><\/div><\/div><\/section>\n\n<section class=\"block-wrapper block-wrapper-cfb block-wrapper-deco image-content\"><div class=\"container\"><div class=\"block-content-wrapper\"><div class=\"row justify-content-center align-items-start\"><div class=\"block-text-wrapper col-md-6 order-2\"><h2 class=\"block-title\">Notre \u00e9quipe<\/h2><div class=\"block-description\"><p><strong>Notre entreprise dispose d&rsquo;une \u00e9quipe hautement qualifi\u00e9e et exp\u00e9riment\u00e9e dans le domaine de la confiserie artisanale.<\/strong><\/p>\n<p>Dans notre entreprise, nous nous effor\u00e7ons d&rsquo;offrir \u00e0 nos clients des produits de haute qualit\u00e9 et un go\u00fbt exceptionnel.<\/p>\n<p>Nous sommes fiers de travailler en \u00e9quipe pour r\u00e9aliser notre mission et nos valeurs fondamentales.<\/p>\n<blockquote><p>Vous souhaitez en savoir plus sur notre \u00e9quipe ?<\/p><\/blockquote>\n<\/div><div class=\"block-cta-wrapper\"><a class=\"btn btn-action\" href=\"https:\/\/es.linkedin.com\/company\/lapasioninternacional\" title=\"Rencontrez notre \u00e9quipe sur linkedin\" target=\"_blank\">Rencontrez notre \u00e9quipe sur linkedin<\/a><\/div><\/div><div class=\"block-image-wrapper col-md-6 order-1\"><div class=\"block-image-wrapper\"><img decoding=\"async\" src=\"https:\/\/lapasion.es\/wp-content\/uploads\/2023\/05\/fabrica-lapasion.webp\" alt=\"Imagen f\u00e1brica Lapasion\" class=\"img-fluid\" ><\/div><\/div><\/div><\/div><\/div><\/section>\n\n<section class=\"block-wrapper block-wrapper-cfb block-wrapper-deco content-image\"><div class=\"container\"><div class=\"block-content-wrapper\"><div class=\"row justify-content-center align-items-start\"><div class=\"block-text-wrapper col-md-6 order-1\"><h2 class=\"block-title\">Nos usines<\/h2><div class=\"block-description\"><p>Nous fabriquons tous nos produits traditionnels de confiserie et de boulangerie avec la plus haute qualit\u00e9, en cherchant \u00e0 satisfaire les besoins de nos clients.<\/p>\n<p>Dans un souci d&rsquo;am\u00e9lioration continue et de qualit\u00e9 optimale, nos usines ont obtenu la certification IFS qui garantit la l\u00e9galit\u00e9, la s\u00e9curit\u00e9 et la qualit\u00e9 alimentaire de tous les produits fabriqu\u00e9s dans chacune de nos usines.<\/p>\n<p>&nbsp;<\/p>\n<p><img loading=\"lazy\" decoding=\"async\" class=\"alignnone size-medium wp-image-12639\" src=\"https:\/\/lapasion.es\/wp-content\/uploads\/2023\/05\/ifs-certificacion-internacional-300x60.png\" alt=\"IFS Certificaci\u00f3n Internacional\" width=\"300\" height=\"60\" srcset=\"https:\/\/lapasion.es\/wp-content\/uploads\/2023\/05\/ifs-certificacion-internacional-300x60.png 300w, https:\/\/lapasion.es\/wp-content\/uploads\/2023\/05\/ifs-certificacion-internacional-400x80.png 400w, https:\/\/lapasion.es\/wp-content\/uploads\/2023\/05\/ifs-certificacion-internacional.png 487w\" sizes=\"auto, (max-width: 300px) 100vw, 300px\" \/><\/p>\n<p>Nous avons actuellement des usines dans:<\/p>\n<ul>\n<li>Medina del Campo (Valladolid) &#8211; SWEET CASTILLA<\/li>\n<li>Valencia &#8211; DULCES DEL TURIA<\/li>\n<li>Tobarra (Albacete) &#8211; FRUTAS Y TURRONES<\/li>\n<\/ul>\n<\/div><\/div><div class=\"block-image-wrapper col-md-6 order-2\"><div class=\"block-image-wrapper\"><img decoding=\"async\" src=\"https:\/\/lapasion.es\/wp-content\/uploads\/2023\/05\/mapa-lapasion.webp\" alt=\"Sedes de Lapasion\" class=\"img-fluid\" ><\/div><\/div><\/div><\/div><\/div><\/section>\n\n<section class=\"block-wrapper block-wrapper-cfb block-wrapper-product-categories\"><div class=\"container\"><h2 class=\"block-title\">Les sp\u00e9cialit\u00e9s de nos usines<\/h2><div class=\"block-content\"><div class=\"woocommerce columns-4\"><ul class=\"products columns-4\">\n<li class=\"product-category product first\">\n\t<a aria-label=\"Acc\u00e9der \u00e0 la cat\u00e9gorie de produits Boutique en ligne\" href=\"https:\/\/lapasion.es\/fr\/bonbons\/boutique-en-ligne\/\"><h3 class=\"woocommerce-loop-category__title\">Boutique en ligne<\/h3><img loading=\"lazy\" decoding=\"async\" src=\"https:\/\/lapasion.es\/wp-content\/uploads\/woocommerce-placeholder-500x500.png\" alt=\"Boutique en ligne\" width=\"500\" height=\"500\" \/><\/a><\/li>\n<li class=\"product-category product\">\n\t<a aria-label=\"Acc\u00e9der \u00e0 la cat\u00e9gorie de produits Distributeurs\" href=\"https:\/\/lapasion.es\/fr\/bonbons\/distributeurs\/\"><h3 class=\"woocommerce-loop-category__title\">Distributeurs<\/h3><img loading=\"lazy\" decoding=\"async\" src=\"https:\/\/lapasion.es\/wp-content\/uploads\/woocommerce-placeholder-500x500.png\" alt=\"Distributeurs\" width=\"500\" height=\"500\" \/><\/a><\/li>\n<\/ul>\n<\/div><\/div><\/div><\/section>\n\n<section class=\"block-wrapper block-wrapper-cfb block-wrapper-deco image-content\" id=\"distributeurs\"><div class=\"container\"><h2 class=\"block-title\">Distributeurs<\/h2><div class=\"block-content-wrapper\"><div class=\"row justify-content-center align-items-start\"><div class=\"block-text-wrapper col-12 order-2\"><div class=\"block-description\"><div class=\"embed-responsive\"><iframe class=\"embed-responsive-item w-100\" src=\"https:\/\/www.google.com\/maps\/d\/embed?mid=11209OHGLs9ESKTlfQNPuceVXOOha1us&amp;ehbc=2E312F\" height=\"480\" title=\"Distributeurs Lapasi\u00f3n\"><\/iframe><\/div>\n<\/div><\/div><\/div><\/div><\/div><\/section>","protected":false},"excerpt":{"rendered":"","protected":false},"author":2,"featured_media":0,"parent":0,"menu_order":0,"comment_status":"closed","ping_status":"closed","template":"","meta":{"_acf_changed":false,"_uag_custom_page_level_css":"","_genesis_hide_title":true,"_genesis_hide_breadcrumbs":false,"_genesis_hide_singular_image":false,"_genesis_hide_footer_widgets":false,"_genesis_custom_body_class":"","_genesis_custom_post_class":"","_genesis_layout":"","footnotes":""},"class_list":{"0":"post-13760","1":"page","2":"type-page","3":"status-publish","5":"entry"},"acf":[],"uagb_featured_image_src":{"full":false,"thumbnail":false,"medium":false,"medium_large":false,"large":false,"1536x1536":false,"2048x2048":false,"gur_featured_image":false,"gur_blog_thumbnail":false,"woocommerce_thumbnail":false,"woocommerce_single":false,"woocommerce_gallery_thumbnail":false},"uagb_author_info":{"display_name":"cvaliente","author_link":"https:\/\/lapasion.es\/fr\/author\/cvaliente\/"},"uagb_comment_info":0,"uagb_excerpt":null,"_links":{"self":[{"href":"https:\/\/lapasion.es\/fr\/wp-json\/wp\/v2\/pages\/13760","targetHints":{"allow":["GET"]}}],"collection":[{"href":"https:\/\/lapasion.es\/fr\/wp-json\/wp\/v2\/pages"}],"about":[{"href":"https:\/\/lapasion.es\/fr\/wp-json\/wp\/v2\/types\/page"}],"author":[{"embeddable":true,"href":"https:\/\/lapasion.es\/fr\/wp-json\/wp\/v2\/users\/2"}],"replies":[{"embeddable":true,"href":"https:\/\/lapasion.es\/fr\/wp-json\/wp\/v2\/comments?post=13760"}],"version-history":[{"count":0,"href":"https:\/\/lapasion.es\/fr\/wp-json\/wp\/v2\/pages\/13760\/revisions"}],"wp:attachment":[{"href":"https:\/\/lapasion.es\/fr\/wp-json\/wp\/v2\/media?parent=13760"}],"curies":[{"name":"wp","href":"https:\/\/api.w.org\/{rel}","templated":true}]}}