{"id":13753,"date":"2023-05-11T14:23:54","date_gmt":"2023-05-11T12:23:54","guid":{"rendered":"https:\/\/lapasion.es\/aviso-legal\/"},"modified":"2023-05-17T17:16:40","modified_gmt":"2023-05-17T15:16:40","slug":"mentions-legales","status":"publish","type":"page","link":"https:\/\/lapasion.es\/fr\/mentions-legales\/","title":{"rendered":"Mentions l\u00e9gales"},"content":{"rendered":"\n<div class=\"wp-block-uagb-container uagb-block-5848d189 alignfull uagb-is-root-container\"><div class=\"uagb-container-inner-blocks-wrap\">\n<p>LAPASION d\u00e9clare que les textes, photos, marques commerciales et le reste des contenus pr\u00e9sents sur ce site internet font partie de sa propri\u00e9t\u00e9 intellectuelle, et sont utilis\u00e9s de mani\u00e8re l\u00e9gitime et l\u00e9gale compte tenu des accords et licences d\u2019utilisation. Tout le contenu de ce site internet est prot\u00e9g\u00e9 par l\u2019actuelle&nbsp;<em>Normativa sobre PropiedadIndustrial<\/em>. Les logos et marques des produits sont des marques enregistr\u00e9es par LAPASION. Toute reproduction, copie, distribution ou quelconque autre forme d\u2019utilisation, aussi bien partielle que totale, de quelconque information ou contenu de ce site internet sans l\u2019accord pr\u00e9alable et explicite \u00e9crit de LAPASION est formellement interdit. L\u2019utilisateur de ce site s\u2019engage \u00e0 utiliser ce dernier de mani\u00e8re correcte et licite, et en accord avec les mentions l\u00e9gales.<\/p>\n\n\n\n<p>LAPASION peut modifier, sans accord pr\u00e9alable, n\u2019importe quelle caract\u00e9ristique, sp\u00e9cification ou photo de ses produits, tout comme n\u2019importe quelle information qu\u2019elle consid\u00e8re comme appropri\u00e9e. Par ailleurs, l\u2019acc\u00e8s \u00e0 notre site internet LAPASION ne garantit pas l\u2019absence de virus ou autres \u00e9l\u00e9ments qui peuvent entra\u00eener l\u2019alt\u00e9ration de documents \u00e9lectroniques et fichiers stock\u00e9s dans votre syst\u00e8me informatique. Par cons\u00e9quent, LAPASION ne se porte pas responsable des quelconques dommages, directs ou indirects, que pourrait occasionner l\u2019exactitude, la v\u00e9racit\u00e9 et exhaustivit\u00e9 de l\u2019information en question, ni des dommages et pr\u00e9judices qui pourraient r\u00e9sulter de l\u2019utilisation des contenus et services de notre site internet, ou d\u2019autres sites internet externes qui pourraient faire r\u00e9f\u00e9rence au n\u00f4tre.<\/p>\n\n\n\n<p>Quelconque information, id\u00e9e ou mat\u00e9riel communiqu\u00e9 par l\u2019utilisateur sera consid\u00e9r\u00e9 comme publique et non confidentiel, et pourra \u00eatre utilis\u00e9 librement par LAPASION. Conform\u00e9ment \u00e0 la&nbsp;<em>LeyOrg\u00e1nica<\/em><em>&nbsp;15\/1999 du 13 d\u00e9cembre<\/em>, sur la protection de donn\u00e9es \u00e0 caract\u00e8re personnel, tout comme la&nbsp;<em>Ley<\/em><em>&nbsp;34\/2002 du 11 juillet<\/em>&nbsp;sur les Services de Soci\u00e9t\u00e9 d\u2019Information, cette information sera automatiquement stock\u00e9e dans les fichiers de LAPASION, et pourra \u00eatre utilis\u00e9e \u00e0 des fins commerciales et marketing, ou de gestion comptable et administrative de l\u2019entreprise. L\u2019utilisateur a le droit de supprimer ou modifier cette information, en envoyant une requ\u00eate \u00e9crite et sign\u00e9e incluant nom, pr\u00e9nom, num\u00e9ro de carte d\u2019identit\u00e9 et domicile figurant sur le document d\u2019identit\u00e9. De cette mani\u00e8re, l\u2019utilisateur autorisera LAPASION \u00e0 la communication de ses donn\u00e9es \u00e0 d\u2019autres entreprises du groupe, qui seront utilis\u00e9es aux m\u00eames fins d\u00e9crites ci-dessus. LAPASION garantit l\u2019adoption des mesures appropri\u00e9es pour assurer le traitement confidentiel de ces donn\u00e9es.<\/p>\n<\/div><\/div>\n","protected":false},"excerpt":{"rendered":"<p>LAPASION d\u00e9clare que les textes, photos, marques commerciales et le reste des contenus pr\u00e9sents sur ce site internet font partie de sa propri\u00e9t\u00e9 intellectuelle, et sont utilis\u00e9s de mani\u00e8re l\u00e9gitime et l\u00e9gale compte tenu des accords et licences d\u2019utilisation. Tout le contenu de ce site internet est prot\u00e9g\u00e9 par l\u2019actuelle&nbsp;Normativa sobre PropiedadIndustrial. Les logos et [&hellip;]<\/p>\n","protected":false},"author":2,"featured_media":0,"parent":0,"menu_order":0,"comment_status":"closed","ping_status":"closed","template":"","meta":{"_acf_changed":false,"_uag_custom_page_level_css":"","_genesis_hide_title":false,"_genesis_hide_breadcrumbs":false,"_genesis_hide_singular_image":false,"_genesis_hide_footer_widgets":false,"_genesis_custom_body_class":"","_genesis_custom_post_class":"","_genesis_layout":"","footnotes":""},"class_list":{"0":"post-13753","1":"page","2":"type-page","3":"status-publish","5":"entry"},"acf":[],"uagb_featured_image_src":{"full":false,"thumbnail":false,"medium":false,"medium_large":false,"large":false,"1536x1536":false,"2048x2048":false,"gur_featured_image":false,"gur_blog_thumbnail":false,"woocommerce_thumbnail":false,"woocommerce_single":false,"woocommerce_gallery_thumbnail":false},"uagb_author_info":{"display_name":"cvaliente","author_link":"https:\/\/lapasion.es\/fr\/author\/cvaliente\/"},"uagb_comment_info":0,"uagb_excerpt":"LAPASION d\u00e9clare que les textes, photos, marques commerciales et le reste des contenus pr\u00e9sents sur ce site internet font partie de sa propri\u00e9t\u00e9 intellectuelle, et sont utilis\u00e9s de mani\u00e8re l\u00e9gitime et l\u00e9gale compte tenu des accords et licences d\u2019utilisation. Tout le contenu de ce site internet est prot\u00e9g\u00e9 par l\u2019actuelle&nbsp;Normativa sobre PropiedadIndustrial. Les logos et\u2026","_links":{"self":[{"href":"https:\/\/lapasion.es\/fr\/wp-json\/wp\/v2\/pages\/13753","targetHints":{"allow":["GET"]}}],"collection":[{"href":"https:\/\/lapasion.es\/fr\/wp-json\/wp\/v2\/pages"}],"about":[{"href":"https:\/\/lapasion.es\/fr\/wp-json\/wp\/v2\/types\/page"}],"author":[{"embeddable":true,"href":"https:\/\/lapasion.es\/fr\/wp-json\/wp\/v2\/users\/2"}],"replies":[{"embeddable":true,"href":"https:\/\/lapasion.es\/fr\/wp-json\/wp\/v2\/comments?post=13753"}],"version-history":[{"count":0,"href":"https:\/\/lapasion.es\/fr\/wp-json\/wp\/v2\/pages\/13753\/revisions"}],"wp:attachment":[{"href":"https:\/\/lapasion.es\/fr\/wp-json\/wp\/v2\/media?parent=13753"}],"curies":[{"name":"wp","href":"https:\/\/api.w.org\/{rel}","templated":true}]}}