{"id":13739,"date":"2023-05-11T14:24:09","date_gmt":"2023-05-11T12:24:09","guid":{"rendered":"https:\/\/lapasion.es\/accesibilidad-aa\/"},"modified":"2023-05-17T17:05:22","modified_gmt":"2023-05-17T15:05:22","slug":"accessibilite-aa","status":"publish","type":"page","link":"https:\/\/lapasion.es\/fr\/accessibilite-aa\/","title":{"rendered":"Accessibilit\u00e9 AA"},"content":{"rendered":"\n<div class=\"wp-block-uagb-container uagb-block-e3b72b89 alignfull uagb-is-root-container\"><div class=\"uagb-container-inner-blocks-wrap\">\n<p>Lignes directrices sur l&rsquo;accessibilit\u00e9 du Web<\/p>\n\n\n\n<p>Ce site web est conforme aux lignes directrices pour l&rsquo;accessibilit\u00e9 des contenus web 2.0 (WCAG 2.0).<\/p>\n\n\n\n<p>Ces lignes directrices, qui concernent l&rsquo;accessibilit\u00e9 du web pour les personnes handicap\u00e9es, ont \u00e9t\u00e9 \u00e9labor\u00e9es par l&rsquo;Initiative pour l&rsquo;accessibilit\u00e9 du web (WAI) du consortium W3C.<\/p>\n\n\n\n<p>Les caract\u00e9ristiques d&rsquo;un site accessible sont les suivantes<\/p>\n\n\n\n<p>Transformable : les informations et les services doivent \u00eatre accessibles \u00e0 tous et doivent pouvoir \u00eatre utilis\u00e9s avec tous les dispositifs de navigation.<\/p>\n\n\n\n<p>Compr\u00e9hensible : contenu clair et simple.<\/p>\n\n\n\n<p>Navigable : m\u00e9canismes de navigation simples.<\/p>\n\n\n\n<p>Les lignes directrices pour l&rsquo;accessibilit\u00e9 du contenu du Web 2.0 se composent de 4 principes, de 12 lignes directrices et de 61 crit\u00e8res de conformit\u00e9 :<\/p>\n\n\n\n<p><strong>Principe 1 : Perceptibilit\u00e9<\/strong><br>Les informations et les \u00e9l\u00e9ments de l&rsquo;interface utilisateur doivent \u00eatre pr\u00e9sent\u00e9s aux utilisateurs de mani\u00e8re \u00e0 ce qu&rsquo;ils puissent les percevoir. 4 lignes directrices et 22 crit\u00e8res de conformit\u00e9.<\/p>\n\n\n\n<p><strong>Principe 2 : op\u00e9rabilit\u00e9<\/strong><br>Les composants de l&rsquo;interface utilisateur et la navigation doivent \u00eatre exploitables. 4 lignes directrices et 20 crit\u00e8res de conformit\u00e9.<\/p>\n\n\n\n<p><strong>Principe 3 : Intelligibilit\u00e9<\/strong><br>Les informations et le fonctionnement de l&rsquo;interface utilisateur doivent \u00eatre compr\u00e9hensibles. 3 lignes directrices et 17 crit\u00e8res de conformit\u00e9.<\/p>\n\n\n\n<p><strong>Principe 4 : robustesse<\/strong><br>Le contenu doit \u00eatre suffisamment robuste pour pouvoir \u00eatre interpr\u00e9t\u00e9 par une grande vari\u00e9t\u00e9 d&rsquo;agents utilisateurs, y compris les technologies d&rsquo;assistance. 1 ligne directrice et 2 crit\u00e8res de conformit\u00e9<\/p>\n<\/div><\/div>\n","protected":false},"excerpt":{"rendered":"<p>Lignes directrices sur l&rsquo;accessibilit\u00e9 du Web Ce site web est conforme aux lignes directrices pour l&rsquo;accessibilit\u00e9 des contenus web 2.0 (WCAG 2.0). Ces lignes directrices, qui concernent l&rsquo;accessibilit\u00e9 du web pour les personnes handicap\u00e9es, ont \u00e9t\u00e9 \u00e9labor\u00e9es par l&rsquo;Initiative pour l&rsquo;accessibilit\u00e9 du web (WAI) du consortium W3C. Les caract\u00e9ristiques d&rsquo;un site accessible sont les suivantes [&hellip;]<\/p>\n","protected":false},"author":2,"featured_media":0,"parent":0,"menu_order":0,"comment_status":"closed","ping_status":"closed","template":"","meta":{"_acf_changed":false,"_uag_custom_page_level_css":"","_genesis_hide_title":false,"_genesis_hide_breadcrumbs":false,"_genesis_hide_singular_image":false,"_genesis_hide_footer_widgets":false,"_genesis_custom_body_class":"","_genesis_custom_post_class":"","_genesis_layout":"","footnotes":""},"class_list":{"0":"post-13739","1":"page","2":"type-page","3":"status-publish","5":"entry"},"acf":[],"uagb_featured_image_src":{"full":false,"thumbnail":false,"medium":false,"medium_large":false,"large":false,"1536x1536":false,"2048x2048":false,"gur_featured_image":false,"gur_blog_thumbnail":false,"woocommerce_thumbnail":false,"woocommerce_single":false,"woocommerce_gallery_thumbnail":false},"uagb_author_info":{"display_name":"cvaliente","author_link":"https:\/\/lapasion.es\/fr\/author\/cvaliente\/"},"uagb_comment_info":0,"uagb_excerpt":"Lignes directrices sur l&rsquo;accessibilit\u00e9 du Web Ce site web est conforme aux lignes directrices pour l&rsquo;accessibilit\u00e9 des contenus web 2.0 (WCAG 2.0). Ces lignes directrices, qui concernent l&rsquo;accessibilit\u00e9 du web pour les personnes handicap\u00e9es, ont \u00e9t\u00e9 \u00e9labor\u00e9es par l&rsquo;Initiative pour l&rsquo;accessibilit\u00e9 du web (WAI) du consortium W3C. Les caract\u00e9ristiques d&rsquo;un site accessible sont les suivantes\u2026","_links":{"self":[{"href":"https:\/\/lapasion.es\/fr\/wp-json\/wp\/v2\/pages\/13739","targetHints":{"allow":["GET"]}}],"collection":[{"href":"https:\/\/lapasion.es\/fr\/wp-json\/wp\/v2\/pages"}],"about":[{"href":"https:\/\/lapasion.es\/fr\/wp-json\/wp\/v2\/types\/page"}],"author":[{"embeddable":true,"href":"https:\/\/lapasion.es\/fr\/wp-json\/wp\/v2\/users\/2"}],"replies":[{"embeddable":true,"href":"https:\/\/lapasion.es\/fr\/wp-json\/wp\/v2\/comments?post=13739"}],"version-history":[{"count":0,"href":"https:\/\/lapasion.es\/fr\/wp-json\/wp\/v2\/pages\/13739\/revisions"}],"wp:attachment":[{"href":"https:\/\/lapasion.es\/fr\/wp-json\/wp\/v2\/media?parent=13739"}],"curies":[{"name":"wp","href":"https:\/\/api.w.org\/{rel}","templated":true}]}}