{"id":13410,"date":"2023-05-08T23:01:41","date_gmt":"2023-05-08T21:01:41","guid":{"rendered":"https:\/\/lapasion.es\/la-pasion\/"},"modified":"2024-09-06T10:43:24","modified_gmt":"2024-09-06T08:43:24","slug":"la-pasion","status":"publish","type":"page","link":"https:\/\/lapasion.es\/fr\/","title":{"rendered":"Lapasi\u00f3n"},"content":{"rendered":"<div class=\"block-wrapper block-wrapper-cfb block-wrapper-header background-as-attr background-as-attr bg-norepeat bg-position-cc is-main\" data-image-src=\"https:\/\/lapasion.es\/wp-content\/uploads\/2023\/05\/home-background.webp\"><div class=\"container\"><div class=\"block-content-wrapper\"><h1 class=\"block-title\">Patisseries maison de haute qualite<\/h1><div class=\"block-description\"><p>D\u00e9sormais, nous livrons Lapasi\u00f3n \u00e0 domicile, avec une livraison gratuite en 24\/48 heures.<\/p>\n<\/div><\/div><\/div><div class=\"header-badge\"><\/div><div class=\"header-bottom-detail\"><\/div><\/div>\n\n<section class=\"block-wrapper block-wrapper-cfb block-wrapper-header background-as-attr background-as-attr bg-norepeat bg-position-rc half-right\" data-image-src=\"https:\/\/lapasion.es\/wp-content\/uploads\/2023\/05\/turron-red-shadow.jpg\"><div class=\"container\"><div class=\"block-content-wrapper\"><h2 class=\"block-title\">Des douceurs pour<br>tous les <span>instants<\/span><\/h2><div class=\"block-description\"><p><strong>Profitez des meilleures friandises pour chaque moment de votre journ\u00e9e :<\/strong><\/p>\n<ul>\n<li>Des p\u00e2tisseries et des biscuits parfaits pour vos petits d\u00e9jeuners.<\/li>\n<li>Des p\u00e2tisseries et des biscuits pour les caf\u00e9s et les repas de famille apr\u00e8s le d\u00eener.<\/li>\n<li>Des biscuits parfaits pour accompagner un chocolat chaud.<\/li>\n<li>Des chocolats pour des moments particuliers.<\/li>\n<li>Nougats et friandises pour profiter de No\u00ebl.<\/li>\n<\/ul>\n<\/div><\/div><\/div><\/section>\n\n<section class=\"block-wrapper block-wrapper-cfb block-wrapper-product-categories\"><div class=\"container\"><h2 class=\"block-title\">Nos sp\u00e9cialit\u00e9s<\/h2><div class=\"block-content\"><div class=\"woocommerce columns-4\"><ul class=\"products columns-4\">\n<li class=\"product-category product first\">\n\t<a aria-label=\"Acc\u00e9der \u00e0 la cat\u00e9gorie de produits P\u00e2tisserie et boulangerie\" href=\"https:\/\/lapasion.es\/fr\/bonbons\/boutique-en-ligne\/confiserie-boulangerie\/\"><h3 class=\"woocommerce-loop-category__title\">P\u00e2tisserie et boulangerie<\/h3><img loading=\"lazy\" decoding=\"async\" src=\"https:\/\/lapasion.es\/wp-content\/uploads\/2023\/06\/borracho.jpg\" alt=\"P\u00e2tisserie et boulangerie\" width=\"500\" height=\"500\" srcset=\"https:\/\/lapasion.es\/wp-content\/uploads\/2023\/06\/borracho.jpg 500w, https:\/\/lapasion.es\/wp-content\/uploads\/2023\/06\/borracho-300x300.jpg 300w, https:\/\/lapasion.es\/wp-content\/uploads\/2023\/06\/borracho-150x150.jpg 150w, https:\/\/lapasion.es\/wp-content\/uploads\/2023\/06\/borracho-240x240.jpg 240w, https:\/\/lapasion.es\/wp-content\/uploads\/2023\/06\/borracho-100x100.jpg 100w\" sizes=\"auto, (max-width: 500px) 100vw, 500px\" \/><\/a><\/li>\n<li class=\"product-category product\">\n\t<a aria-label=\"Acc\u00e9der \u00e0 la cat\u00e9gorie de produits Chocolat gourmet\" href=\"https:\/\/lapasion.es\/fr\/bonbons\/boutique-en-ligne\/chocolat-gourmet\/\"><h3 class=\"woocommerce-loop-category__title\">Chocolat gourmet<\/h3><img loading=\"lazy\" decoding=\"async\" src=\"https:\/\/lapasion.es\/wp-content\/uploads\/2023\/06\/especialidades-navidenas-500x500.jpg\" alt=\"Chocolat gourmet\" width=\"500\" height=\"500\" srcset=\"https:\/\/lapasion.es\/wp-content\/uploads\/2023\/06\/especialidades-navidenas-500x500.jpg 500w, https:\/\/lapasion.es\/wp-content\/uploads\/2023\/06\/especialidades-navidenas-150x150.jpg 150w, https:\/\/lapasion.es\/wp-content\/uploads\/2023\/06\/especialidades-navidenas-100x100.jpg 100w\" sizes=\"auto, (max-width: 500px) 100vw, 500px\" \/><\/a><\/li>\n<li class=\"product-category product\">\n\t<a aria-label=\"Acc\u00e9der \u00e0 la cat\u00e9gorie de produits Pain et snacks sal\u00e9s\" href=\"https:\/\/lapasion.es\/fr\/bonbons\/boutique-en-ligne\/pain-snacks-sales\/\"><h3 class=\"woocommerce-loop-category__title\">Pain et snacks sal\u00e9s<\/h3><img loading=\"lazy\" decoding=\"async\" src=\"https:\/\/lapasion.es\/wp-content\/uploads\/2023\/06\/snacks-salados-500x500.jpg\" alt=\"Pain et snacks sal\u00e9s\" width=\"500\" height=\"500\" srcset=\"https:\/\/lapasion.es\/wp-content\/uploads\/2023\/06\/snacks-salados-500x500.jpg 500w, https:\/\/lapasion.es\/wp-content\/uploads\/2023\/06\/snacks-salados-150x150.jpg 150w, https:\/\/lapasion.es\/wp-content\/uploads\/2023\/06\/snacks-salados-100x100.jpg 100w\" sizes=\"auto, (max-width: 500px) 100vw, 500px\" \/><\/a><\/li>\n<\/ul>\n<\/div><\/div><\/div><\/section>\n\n<section class=\"block-wrapper block-wrapper-cfb block-wrapper-products\"><div class=\"container\"><h2 class=\"block-title\">Actualit\u00e9s<\/h2><div class=\"block-content\"><div class=\"woocommerce columns-3 \"><ul class=\"products columns-3\">\n<li class=\"entry product type-product post-13558 status-publish first instock product_cat-boutique-en-ligne product_cat-chocolat-gourmet product_cat-confiseries-de-noel-emballees-fr product_cat-distributeurs product_cat-nougat-fr has-post-thumbnail shipping-taxable purchasable product-type-variable\">\n\t<a href=\"https:\/\/lapasion.es\/fr\/produit\/almendra-rellena-almendra\/\" class=\"woocommerce-LoopProduct-link woocommerce-loop-product__link\"><h3 class=\"woocommerce-loop-product__title\">Amandes farcies au nougat | Qualit\u00e9 Supr\u00eame<\/h3><img loading=\"lazy\" decoding=\"async\" width=\"500\" height=\"500\" src=\"https:\/\/lapasion.es\/wp-content\/uploads\/2017\/09\/Caja-almendras-rellenas-de-turron-calidad-suprema.jpg\" class=\"attachment-woocommerce_thumbnail size-woocommerce_thumbnail\" alt=\"Amandes farcies au nougat | Qualit\u00e9 Supr\u00eame\" srcset=\"https:\/\/lapasion.es\/wp-content\/uploads\/2017\/09\/Caja-almendras-rellenas-de-turron-calidad-suprema.jpg 500w, https:\/\/lapasion.es\/wp-content\/uploads\/2017\/09\/Caja-almendras-rellenas-de-turron-calidad-suprema-300x300.jpg 300w, https:\/\/lapasion.es\/wp-content\/uploads\/2017\/09\/Caja-almendras-rellenas-de-turron-calidad-suprema-150x150.jpg 150w, https:\/\/lapasion.es\/wp-content\/uploads\/2017\/09\/Caja-almendras-rellenas-de-turron-calidad-suprema-100x100.jpg 100w\" sizes=\"auto, (max-width: 500px) 100vw, 500px\" \/><span class=\"price\"><span class=\"woocommerce-Price-amount amount\"><bdi>31,48&nbsp;<span class=\"woocommerce-Price-currencySymbol\">&euro;<\/span><\/bdi><\/span><\/span><\/a><a href=\"https:\/\/lapasion.es\/fr\/produit\/almendra-rellena-almendra\/\" aria-describedby=\"woocommerce_loop_add_to_cart_link_describedby_13558\" data-quantity=\"1\" class=\"button product_type_variable add_to_cart_button\" data-product_id=\"13558\" data-product_sku=\"ID:6800\" aria-label=\"S\u00e9lectionner les options pour &ldquo;Amandes farcies au nougat | Qualit\u00e9 Supr\u00eame&rdquo;\" rel=\"nofollow\">Ajouter au panier<\/a>\t<span id=\"woocommerce_loop_add_to_cart_link_describedby_13558\" class=\"screen-reader-text\">\n\t\tCe produit a plusieurs variations. Les options peuvent \u00eatre choisies sur la page du produit\t<\/span>\n<span class=\"gtm4wp_productdata\" style=\"display:none; visibility:hidden;\" data-gtm4wp_product_data=\"{&quot;internal_id&quot;:13558,&quot;item_id&quot;:13558,&quot;item_name&quot;:&quot;Amandes farcies au nougat | Qualit\\u00e9 Supr\\u00eame&quot;,&quot;sku&quot;:&quot;ID:6800&quot;,&quot;price&quot;:31.48,&quot;stocklevel&quot;:25,&quot;stockstatus&quot;:&quot;instock&quot;,&quot;google_business_vertical&quot;:&quot;retail&quot;,&quot;item_category&quot;:&quot;Confiseries de No\\u00ebl en vrac emball\\u00e9es&quot;,&quot;id&quot;:13558,&quot;productlink&quot;:&quot;https:\\\/\\\/lapasion.es\\\/fr\\\/produit\\\/almendra-rellena-almendra\\\/&quot;,&quot;item_list_name&quot;:&quot;Liste g\\u00e9n\\u00e9rale des produits&quot;,&quot;index&quot;:1,&quot;product_type&quot;:&quot;variable&quot;,&quot;item_brand&quot;:&quot;&quot;}\"><\/span><\/li>\n<li class=\"entry product type-product post-13684 status-publish instock product_cat-produits-de-confiserie-et-de-boulangerie-emballes product_cat-boutique-en-ligne product_cat-distributeurs product_cat-biscuits-fr product_cat-confiserie-boulangerie has-post-thumbnail shipping-taxable purchasable product-type-simple\">\n\t<a href=\"https:\/\/lapasion.es\/fr\/produit\/borrachos-bandeja\/\" class=\"woocommerce-LoopProduct-link woocommerce-loop-product__link\"><h3 class=\"woocommerce-loop-product__title\">Gate\u00e2u avec base a la cr\u00e8me de cacao | 200g x 9 paquets<\/h3><img loading=\"lazy\" decoding=\"async\" width=\"500\" height=\"500\" src=\"https:\/\/lapasion.es\/wp-content\/uploads\/2017\/09\/BORRACHO.jpg\" class=\"attachment-woocommerce_thumbnail size-woocommerce_thumbnail\" alt=\"Gate\u00e2u avec base a la cr\u00e8me de cacao | 200g x 9 paquets\" srcset=\"https:\/\/lapasion.es\/wp-content\/uploads\/2017\/09\/BORRACHO.jpg 500w, https:\/\/lapasion.es\/wp-content\/uploads\/2017\/09\/BORRACHO-100x100.jpg 100w, https:\/\/lapasion.es\/wp-content\/uploads\/2017\/09\/BORRACHO-300x300.jpg 300w, https:\/\/lapasion.es\/wp-content\/uploads\/2017\/09\/BORRACHO-150x150.jpg 150w, https:\/\/lapasion.es\/wp-content\/uploads\/2017\/09\/BORRACHO-75x75.jpg 75w\" sizes=\"auto, (max-width: 500px) 100vw, 500px\" \/><span class=\"price\"><span class=\"woocommerce-Price-amount amount\"><bdi>27,02&nbsp;<span class=\"woocommerce-Price-currencySymbol\">&euro;<\/span><\/bdi><\/span><\/span><\/a><a href=\"\/fr\/wp-json\/wp\/v2\/pages\/13410?add-to-cart=13684\" aria-describedby=\"woocommerce_loop_add_to_cart_link_describedby_13684\" data-quantity=\"1\" class=\"button product_type_simple add_to_cart_button ajax_add_to_cart\" data-product_id=\"13684\" data-product_sku=\"ID:2139\" aria-label=\"Ajouter au panier\u00a0: &ldquo;Gate\u00e2u avec base a la cr\u00e8me de cacao | 200g x 9 paquets&rdquo;\" rel=\"nofollow\" data-success_message=\"\u00ab\u00a0Gate\u00e2u avec base a la cr\u00e8me de cacao | 200g x 9 paquets\u00a0\u00bb a \u00e9t\u00e9 ajout\u00e9 \u00e0 votre panier\">Ajouter au panier<\/a>\t<span id=\"woocommerce_loop_add_to_cart_link_describedby_13684\" class=\"screen-reader-text\">\n\t\t\t<\/span>\n<span class=\"gtm4wp_productdata\" style=\"display:none; visibility:hidden;\" data-gtm4wp_product_data=\"{&quot;internal_id&quot;:13684,&quot;item_id&quot;:13684,&quot;item_name&quot;:&quot;Gate\\u00e2u avec base a la cr\\u00e8me de cacao | 200g x 9 paquets&quot;,&quot;sku&quot;:&quot;ID:2139&quot;,&quot;price&quot;:27.02,&quot;stocklevel&quot;:2,&quot;stockstatus&quot;:&quot;instock&quot;,&quot;google_business_vertical&quot;:&quot;retail&quot;,&quot;item_category&quot;:&quot;Boulangerie emballee&quot;,&quot;id&quot;:13684,&quot;productlink&quot;:&quot;https:\\\/\\\/lapasion.es\\\/fr\\\/produit\\\/borrachos-bandeja\\\/&quot;,&quot;item_list_name&quot;:&quot;Liste g\\u00e9n\\u00e9rale des produits&quot;,&quot;index&quot;:2,&quot;product_type&quot;:&quot;simple&quot;,&quot;item_brand&quot;:&quot;&quot;}\"><\/span><\/li>\n<\/ul>\n<\/div><\/div><div class=\"block-cta-wrapper\"><a class=\"btn btn-action\" href=\"\/fr\/actualites\/\" title=\"Voir toutes les nouvelles\">Voir toutes les nouvelles<\/a><\/div><\/div><\/section>\n\n<section class=\"block-wrapper block-wrapper-cfb block-wrapper-products pt-0\"><div class=\"container\"><h2 class=\"block-title\">Les offres<\/h2><div class=\"block-content\"><div class=\"woocommerce columns-3 \"><ul class=\"products columns-3\">\n<li class=\"entry product type-product post-13558 status-publish first instock product_cat-boutique-en-ligne product_cat-chocolat-gourmet product_cat-confiseries-de-noel-emballees-fr product_cat-distributeurs product_cat-nougat-fr has-post-thumbnail shipping-taxable purchasable product-type-variable\">\n\t<a href=\"https:\/\/lapasion.es\/fr\/produit\/almendra-rellena-almendra\/\" class=\"woocommerce-LoopProduct-link woocommerce-loop-product__link\"><h3 class=\"woocommerce-loop-product__title\">Amandes farcies au nougat | Qualit\u00e9 Supr\u00eame<\/h3><img loading=\"lazy\" decoding=\"async\" width=\"500\" height=\"500\" src=\"https:\/\/lapasion.es\/wp-content\/uploads\/2017\/09\/Caja-almendras-rellenas-de-turron-calidad-suprema.jpg\" class=\"attachment-woocommerce_thumbnail size-woocommerce_thumbnail\" alt=\"Amandes farcies au nougat | Qualit\u00e9 Supr\u00eame\" srcset=\"https:\/\/lapasion.es\/wp-content\/uploads\/2017\/09\/Caja-almendras-rellenas-de-turron-calidad-suprema.jpg 500w, https:\/\/lapasion.es\/wp-content\/uploads\/2017\/09\/Caja-almendras-rellenas-de-turron-calidad-suprema-300x300.jpg 300w, https:\/\/lapasion.es\/wp-content\/uploads\/2017\/09\/Caja-almendras-rellenas-de-turron-calidad-suprema-150x150.jpg 150w, https:\/\/lapasion.es\/wp-content\/uploads\/2017\/09\/Caja-almendras-rellenas-de-turron-calidad-suprema-100x100.jpg 100w\" sizes=\"auto, (max-width: 500px) 100vw, 500px\" \/><span class=\"price\"><span class=\"woocommerce-Price-amount amount\"><bdi>31,48&nbsp;<span class=\"woocommerce-Price-currencySymbol\">&euro;<\/span><\/bdi><\/span><\/span><\/a><a href=\"https:\/\/lapasion.es\/fr\/produit\/almendra-rellena-almendra\/\" aria-describedby=\"woocommerce_loop_add_to_cart_link_describedby_13558\" data-quantity=\"1\" class=\"button product_type_variable add_to_cart_button\" data-product_id=\"13558\" data-product_sku=\"ID:6800\" aria-label=\"S\u00e9lectionner les options pour &ldquo;Amandes farcies au nougat | Qualit\u00e9 Supr\u00eame&rdquo;\" rel=\"nofollow\">Ajouter au panier<\/a>\t<span id=\"woocommerce_loop_add_to_cart_link_describedby_13558\" class=\"screen-reader-text\">\n\t\tCe produit a plusieurs variations. Les options peuvent \u00eatre choisies sur la page du produit\t<\/span>\n<span class=\"gtm4wp_productdata\" style=\"display:none; visibility:hidden;\" data-gtm4wp_product_data=\"{&quot;internal_id&quot;:13558,&quot;item_id&quot;:13558,&quot;item_name&quot;:&quot;Amandes farcies au nougat | Qualit\\u00e9 Supr\\u00eame&quot;,&quot;sku&quot;:&quot;ID:6800&quot;,&quot;price&quot;:31.48,&quot;stocklevel&quot;:25,&quot;stockstatus&quot;:&quot;instock&quot;,&quot;google_business_vertical&quot;:&quot;retail&quot;,&quot;item_category&quot;:&quot;Confiseries de No\\u00ebl en vrac emball\\u00e9es&quot;,&quot;id&quot;:13558,&quot;productlink&quot;:&quot;https:\\\/\\\/lapasion.es\\\/fr\\\/produit\\\/almendra-rellena-almendra\\\/&quot;,&quot;item_list_name&quot;:&quot;Liste g\\u00e9n\\u00e9rale des produits&quot;,&quot;index&quot;:1,&quot;product_type&quot;:&quot;variable&quot;,&quot;item_brand&quot;:&quot;&quot;}\"><\/span><\/li>\n<li class=\"entry product type-product post-13684 status-publish instock product_cat-produits-de-confiserie-et-de-boulangerie-emballes product_cat-boutique-en-ligne product_cat-distributeurs product_cat-biscuits-fr product_cat-confiserie-boulangerie has-post-thumbnail shipping-taxable purchasable product-type-simple\">\n\t<a href=\"https:\/\/lapasion.es\/fr\/produit\/borrachos-bandeja\/\" class=\"woocommerce-LoopProduct-link woocommerce-loop-product__link\"><h3 class=\"woocommerce-loop-product__title\">Gate\u00e2u avec base a la cr\u00e8me de cacao | 200g x 9 paquets<\/h3><img loading=\"lazy\" decoding=\"async\" width=\"500\" height=\"500\" src=\"https:\/\/lapasion.es\/wp-content\/uploads\/2017\/09\/BORRACHO.jpg\" class=\"attachment-woocommerce_thumbnail size-woocommerce_thumbnail\" alt=\"Gate\u00e2u avec base a la cr\u00e8me de cacao | 200g x 9 paquets\" srcset=\"https:\/\/lapasion.es\/wp-content\/uploads\/2017\/09\/BORRACHO.jpg 500w, https:\/\/lapasion.es\/wp-content\/uploads\/2017\/09\/BORRACHO-100x100.jpg 100w, https:\/\/lapasion.es\/wp-content\/uploads\/2017\/09\/BORRACHO-300x300.jpg 300w, https:\/\/lapasion.es\/wp-content\/uploads\/2017\/09\/BORRACHO-150x150.jpg 150w, https:\/\/lapasion.es\/wp-content\/uploads\/2017\/09\/BORRACHO-75x75.jpg 75w\" sizes=\"auto, (max-width: 500px) 100vw, 500px\" \/><span class=\"price\"><span class=\"woocommerce-Price-amount amount\"><bdi>27,02&nbsp;<span class=\"woocommerce-Price-currencySymbol\">&euro;<\/span><\/bdi><\/span><\/span><\/a><a href=\"\/fr\/wp-json\/wp\/v2\/pages\/13410?add-to-cart=13684\" aria-describedby=\"woocommerce_loop_add_to_cart_link_describedby_13684\" data-quantity=\"1\" class=\"button product_type_simple add_to_cart_button ajax_add_to_cart\" data-product_id=\"13684\" data-product_sku=\"ID:2139\" aria-label=\"Ajouter au panier\u00a0: &ldquo;Gate\u00e2u avec base a la cr\u00e8me de cacao | 200g x 9 paquets&rdquo;\" rel=\"nofollow\" data-success_message=\"\u00ab\u00a0Gate\u00e2u avec base a la cr\u00e8me de cacao | 200g x 9 paquets\u00a0\u00bb a \u00e9t\u00e9 ajout\u00e9 \u00e0 votre panier\">Ajouter au panier<\/a>\t<span id=\"woocommerce_loop_add_to_cart_link_describedby_13684\" class=\"screen-reader-text\">\n\t\t\t<\/span>\n<span class=\"gtm4wp_productdata\" style=\"display:none; visibility:hidden;\" data-gtm4wp_product_data=\"{&quot;internal_id&quot;:13684,&quot;item_id&quot;:13684,&quot;item_name&quot;:&quot;Gate\\u00e2u avec base a la cr\\u00e8me de cacao | 200g x 9 paquets&quot;,&quot;sku&quot;:&quot;ID:2139&quot;,&quot;price&quot;:27.02,&quot;stocklevel&quot;:2,&quot;stockstatus&quot;:&quot;instock&quot;,&quot;google_business_vertical&quot;:&quot;retail&quot;,&quot;item_category&quot;:&quot;Boulangerie emballee&quot;,&quot;id&quot;:13684,&quot;productlink&quot;:&quot;https:\\\/\\\/lapasion.es\\\/fr\\\/produit\\\/borrachos-bandeja\\\/&quot;,&quot;item_list_name&quot;:&quot;Liste g\\u00e9n\\u00e9rale des produits&quot;,&quot;index&quot;:2,&quot;product_type&quot;:&quot;simple&quot;,&quot;item_brand&quot;:&quot;&quot;}\"><\/span><\/li>\n<\/ul>\n<\/div><\/div><\/div><\/section>\n\n<section class=\"block-wrapper block-wrapper-cfb block-wrapper-icons\"><div class=\"container\"><h2 class=\"block-title\">Vous pouvez \u00e9galement nous trouver sur >><\/h2><div class=\"block-content\"><div class=\"row justify-content-center align-items-center\"><div class=\"col-sm-6 col-md-3 col-lg-2\"><article class=\"block-article\"><div class=\"image-wrapper\"><a href=\"https:\/\/www.alcampo.es\/compra-online\/search\/?department=&#038;text=Lapasi%C3%B3n\" title=\"Acheter Lapasi\u00f3n \u00e0 Alcampo\" target=\"_blank\"><img decoding=\"async\" src=\"https:\/\/lapasion.es\/wp-content\/uploads\/2023\/05\/alcampo.png\" alt=\"Supermecados Alcampo\" class=\"img-fluid\" ><\/a><\/div><\/article><\/div><div class=\"col-sm-6 col-md-3 col-lg-2\"><article class=\"block-article\"><div class=\"image-wrapper\"><a href=\"https:\/\/www.amazon.es\/stores\/LAPASION\/page\/B5DB0B4B-0D71-4506-B936-857B8C90C72D?ref_=ast_bln\" title=\"Acheter Lapasi\u00f3n sur Amazon\" target=\"_blank\"><img decoding=\"async\" src=\"https:\/\/lapasion.es\/wp-content\/uploads\/2023\/05\/amazon.png\" alt=\"Amazon compras\" class=\"img-fluid\" ><\/a><\/div><\/article><\/div><div class=\"col-sm-6 col-md-3 col-lg-2\"><article class=\"block-article\"><div class=\"image-wrapper\"><a href=\"https:\/\/www.market.correos.es\/search?keyword=lapasion\" title=\"Acheter Lapasi\u00f3n au march\u00e9 Correos\" target=\"_blank\"><img decoding=\"async\" src=\"https:\/\/lapasion.es\/wp-content\/uploads\/2023\/05\/correos-market.jpg\" alt=\"Correos Market\" class=\"img-fluid\" ><\/a><\/div><\/article><\/div><\/div><\/div><\/div><\/section>\n\n\n<div class=\"wp-block-uagb-container uagb-block-248e5810 alignfull uagb-is-root-container\"><div class=\"uagb-container-inner-blocks-wrap\">\n<div class=\"wp-block-columns\">\n<div class=\"wp-block-column\"><div class=\"wp-block-image\">\n<figure class=\"aligncenter size-full\"><img loading=\"lazy\" decoding=\"async\" width=\"905\" height=\"295\" src=\"https:\/\/lapasion.es\/wp-content\/uploads\/2023\/11\/ue-logo-1.jpg\" alt=\"Uni\u00f3n Europea\" class=\"wp-image-17295\" srcset=\"https:\/\/lapasion.es\/wp-content\/uploads\/2023\/11\/ue-logo-1.jpg 905w, https:\/\/lapasion.es\/wp-content\/uploads\/2023\/11\/ue-logo-1-300x98.jpg 300w, https:\/\/lapasion.es\/wp-content\/uploads\/2023\/11\/ue-logo-1-768x250.jpg 768w, https:\/\/lapasion.es\/wp-content\/uploads\/2023\/11\/ue-logo-1-400x130.jpg 400w, https:\/\/lapasion.es\/wp-content\/uploads\/2023\/11\/ue-logo-1-655x214.jpg 655w\" sizes=\"auto, (max-width: 905px) 100vw, 905px\" \/><\/figure>\n<\/div><\/div>\n<\/div>\n<\/div><\/div>\n","protected":false},"excerpt":{"rendered":"","protected":false},"author":1,"featured_media":14851,"parent":0,"menu_order":0,"comment_status":"closed","ping_status":"closed","template":"","meta":{"_acf_changed":false,"_uag_custom_page_level_css":"","_genesis_hide_title":true,"_genesis_hide_breadcrumbs":false,"_genesis_hide_singular_image":false,"_genesis_hide_footer_widgets":false,"_genesis_custom_body_class":"","_genesis_custom_post_class":"","_genesis_layout":"","footnotes":""},"class_list":{"0":"post-13410","1":"page","2":"type-page","3":"status-publish","4":"has-post-thumbnail","6":"entry"},"acf":[],"uagb_featured_image_src":{"full":["https:\/\/lapasion.es\/wp-content\/uploads\/2023\/06\/lapasion.png",200,147,false],"thumbnail":["https:\/\/lapasion.es\/wp-content\/uploads\/2023\/06\/lapasion-150x147.png",150,147,true],"medium":["https:\/\/lapasion.es\/wp-content\/uploads\/2023\/06\/lapasion.png",200,147,false],"medium_large":["https:\/\/lapasion.es\/wp-content\/uploads\/2023\/06\/lapasion.png",200,147,false],"large":["https:\/\/lapasion.es\/wp-content\/uploads\/2023\/06\/lapasion.png",200,147,false],"1536x1536":["https:\/\/lapasion.es\/wp-content\/uploads\/2023\/06\/lapasion.png",200,147,false],"2048x2048":["https:\/\/lapasion.es\/wp-content\/uploads\/2023\/06\/lapasion.png",200,147,false],"gur_featured_image":["https:\/\/lapasion.es\/wp-content\/uploads\/2023\/06\/lapasion.png",200,147,false],"gur_blog_thumbnail":["https:\/\/lapasion.es\/wp-content\/uploads\/2023\/06\/lapasion.png",200,147,false],"woocommerce_thumbnail":["https:\/\/lapasion.es\/wp-content\/uploads\/2023\/06\/lapasion.png",200,147,false],"woocommerce_single":["https:\/\/lapasion.es\/wp-content\/uploads\/2023\/06\/lapasion.png",200,147,false],"woocommerce_gallery_thumbnail":["https:\/\/lapasion.es\/wp-content\/uploads\/2023\/06\/lapasion-100x100.png",100,100,true]},"uagb_author_info":{"display_name":"incaelum","author_link":"https:\/\/lapasion.es\/fr\/author\/incaelum\/"},"uagb_comment_info":0,"uagb_excerpt":null,"_links":{"self":[{"href":"https:\/\/lapasion.es\/fr\/wp-json\/wp\/v2\/pages\/13410","targetHints":{"allow":["GET"]}}],"collection":[{"href":"https:\/\/lapasion.es\/fr\/wp-json\/wp\/v2\/pages"}],"about":[{"href":"https:\/\/lapasion.es\/fr\/wp-json\/wp\/v2\/types\/page"}],"author":[{"embeddable":true,"href":"https:\/\/lapasion.es\/fr\/wp-json\/wp\/v2\/users\/1"}],"replies":[{"embeddable":true,"href":"https:\/\/lapasion.es\/fr\/wp-json\/wp\/v2\/comments?post=13410"}],"version-history":[{"count":2,"href":"https:\/\/lapasion.es\/fr\/wp-json\/wp\/v2\/pages\/13410\/revisions"}],"predecessor-version":[{"id":18810,"href":"https:\/\/lapasion.es\/fr\/wp-json\/wp\/v2\/pages\/13410\/revisions\/18810"}],"wp:featuredmedia":[{"embeddable":true,"href":"https:\/\/lapasion.es\/fr\/wp-json\/wp\/v2\/media\/14851"}],"wp:attachment":[{"href":"https:\/\/lapasion.es\/fr\/wp-json\/wp\/v2\/media?parent=13410"}],"curies":[{"name":"wp","href":"https:\/\/api.w.org\/{rel}","templated":true}]}}