{"id":15727,"date":"2017-12-07T10:01:33","date_gmt":"2017-12-07T10:01:33","guid":{"rendered":"https:\/\/lapasion.es\/producto\/pepito-env\/"},"modified":"2024-11-15T10:51:44","modified_gmt":"2024-11-15T08:51:44","slug":"pepito-env","status":"publish","type":"product","link":"https:\/\/lapasion.es\/en\/product\/pepito-env\/","title":{"rendered":"Pepitos al Huevo envueltos | 2 Kg"},"content":{"rendered":"<p>WHEAT flour, sugar, EGGS, sunflower or soy vegetable oil in variable proportions, water, raising agents (sodium bicarbonate, disodium diphosphate), syrup [water, sugar, E330, E202], humectants (sorbitol, dextrose), acidifier ( E330), preservatives (E200, E202), flavors (lemon and butter), salt and xanthan gum. May contain traces of milk, soy, sulfites, sesame, nuts and mustard.<\/p>\n","protected":false},"excerpt":{"rendered":"<p><strong>REPOSTER\u00cdA DE CALIDAD<\/strong> | Producto de reposter\u00eda que responde a la denominaci\u00f3n PEPITO AL HUEVO. Se identifica a un bizcocho estilo casero cortado en piezas con soporte de papel y aroma a lim\u00f3n,<\/p>\n<p><strong>MOMENTO PERFECTO<\/strong> | Delicioso y jugoso bizcocho ideal para desayunos, almuerzos y meriendas.<\/p>\n<p><strong>PRESENTACI\u00d3N<\/strong> | Vienen envueltos individualmente para asegurar su frescura durante mucho m\u00e1s tiempo. Se sirven en cajas de 2 Kg.<\/p>\n<p><strong>PRODUCIDOS EN ESPA\u00d1A<\/strong> | Estos dulces han sido producidos en Espa\u00f1a.<\/p>\n<p><strong>FECHA DE CONSUMO PREFERENTE<\/strong> y condiciones de <strong>CONSERVACI\u00d3N<\/strong>, Consumo preferente antes de 7 meses a partir de su fabricaci\u00f3n. Y conservar en lugar fresco y seco, y preservado de los rayos solares<\/p>\n","protected":false},"featured_media":15345,"template":"","meta":{"_acf_changed":false,"_uag_custom_page_level_css":"","_genesis_hide_title":false,"_genesis_hide_breadcrumbs":false,"_genesis_hide_singular_image":false,"_genesis_hide_footer_widgets":false,"_genesis_custom_body_class":"","_genesis_custom_post_class":"","_genesis_layout":""},"product_brand":[],"product_cat":[1648,1729,1727,1733,1647],"product_tag":[],"class_list":{"0":"post-15727","1":"product","2":"type-product","3":"status-publish","4":"has-post-thumbnail","6":"product_cat-cakes","7":"product_cat-distributors","8":"product_cat-online-store","9":"product_cat-cake-pastries-wrapped","10":"product_cat-confectionery-pastries","11":"entry","13":"first","14":"instock","15":"shipping-taxable","16":"purchasable","17":"product-type-simple"},"acf":[],"df_price":27.92,"df_sale_price":"","df_regular_price":27.92,"df_image_link":"https:\/\/lapasion.es\/wp-content\/uploads\/2017\/12\/004086-pepitos-2-unid-300x300.jpg","uagb_featured_image_src":{"full":["https:\/\/lapasion.es\/wp-content\/uploads\/2017\/12\/004086-pepitos-2-unid.jpg",500,500,false],"thumbnail":["https:\/\/lapasion.es\/wp-content\/uploads\/2017\/12\/004086-pepitos-2-unid-150x150.jpg",150,150,true],"medium":["https:\/\/lapasion.es\/wp-content\/uploads\/2017\/12\/004086-pepitos-2-unid-300x300.jpg",300,300,true],"medium_large":["https:\/\/lapasion.es\/wp-content\/uploads\/2017\/12\/004086-pepitos-2-unid.jpg",500,500,false],"large":["https:\/\/lapasion.es\/wp-content\/uploads\/2017\/12\/004086-pepitos-2-unid.jpg",500,500,false],"1536x1536":["https:\/\/lapasion.es\/wp-content\/uploads\/2017\/12\/004086-pepitos-2-unid.jpg",500,500,false],"2048x2048":["https:\/\/lapasion.es\/wp-content\/uploads\/2017\/12\/004086-pepitos-2-unid.jpg",500,500,false],"gur_featured_image":["https:\/\/lapasion.es\/wp-content\/uploads\/2017\/12\/004086-pepitos-2-unid.jpg",500,500,false],"gur_blog_thumbnail":["https:\/\/lapasion.es\/wp-content\/uploads\/2017\/12\/004086-pepitos-2-unid-240x240.jpg",240,240,true],"woocommerce_thumbnail":["https:\/\/lapasion.es\/wp-content\/uploads\/2017\/12\/004086-pepitos-2-unid.jpg",500,500,false],"woocommerce_single":["https:\/\/lapasion.es\/wp-content\/uploads\/2017\/12\/004086-pepitos-2-unid.jpg",500,500,false],"woocommerce_gallery_thumbnail":["https:\/\/lapasion.es\/wp-content\/uploads\/2017\/12\/004086-pepitos-2-unid-100x100.jpg",100,100,true]},"uagb_author_info":{"display_name":"incaelum","author_link":"https:\/\/lapasion.es\/en\/author\/"},"uagb_comment_info":0,"uagb_excerpt":"REPOSTER\u00cdA DE CALIDAD | Producto de reposter\u00eda que responde a la denominaci\u00f3n PEPITO AL HUEVO. Se identifica a un bizcocho estilo casero cortado en piezas con soporte de papel y aroma a lim\u00f3n, MOMENTO PERFECTO | Delicioso y jugoso bizcocho ideal para desayunos, almuerzos y meriendas. PRESENTACI\u00d3N | Vienen envueltos individualmente para asegurar su frescura&hellip;","_links":{"self":[{"href":"https:\/\/lapasion.es\/en\/wp-json\/wp\/v2\/product\/15727","targetHints":{"allow":["GET"]}}],"collection":[{"href":"https:\/\/lapasion.es\/en\/wp-json\/wp\/v2\/product"}],"about":[{"href":"https:\/\/lapasion.es\/en\/wp-json\/wp\/v2\/types\/product"}],"wp:featuredmedia":[{"embeddable":true,"href":"https:\/\/lapasion.es\/en\/wp-json\/wp\/v2\/media\/15345"}],"wp:attachment":[{"href":"https:\/\/lapasion.es\/en\/wp-json\/wp\/v2\/media?parent=15727"}],"wp:term":[{"taxonomy":"product_brand","embeddable":true,"href":"https:\/\/lapasion.es\/en\/wp-json\/wp\/v2\/product_brand?post=15727"},{"taxonomy":"product_cat","embeddable":true,"href":"https:\/\/lapasion.es\/en\/wp-json\/wp\/v2\/product_cat?post=15727"},{"taxonomy":"product_tag","embeddable":true,"href":"https:\/\/lapasion.es\/en\/wp-json\/wp\/v2\/product_tag?post=15727"}],"curies":[{"name":"wp","href":"https:\/\/api.w.org\/{rel}","templated":true}]}}