{"id":13946,"date":"2017-09-13T10:25:49","date_gmt":"2017-09-13T10:25:49","guid":{"rendered":"https:\/\/lapasion.es\/producto\/pasioncico-fruta\/"},"modified":"2023-11-24T11:44:42","modified_gmt":"2023-11-24T09:44:42","slug":"turron-fruit","status":"publish","type":"product","link":"https:\/\/lapasion.es\/en\/product\/turron-fruit\/","title":{"rendered":"Portions of Marzipan and Fruit Nougat : Supreme Quality"},"content":{"rendered":"<p>Marzipan (77%): (<strong>ALMONDS<\/strong> (45%), sugar, glucose and fructose syrup, invertase preservatives (E1103, E200 and E202)). Candied fruit filling (23%): (pumpkin, sugar, glucose and fructose syrup, acidulant (E330), preservatives (E202 and <strong>E223 SULFITES<\/strong>) and colorings (E-100, E120 and E133)).<strong> May contain traces of gluten, eggs, soy, milk, nuts, peanuts and sesame.<\/strong><\/p>\n","protected":false},"excerpt":{"rendered":"<p>El producto se obtiene por cocci\u00f3n de una mezcla de az\u00facar y jarabe de glucosa, y posterior a\u00f1adido de almendra molida y cubitos de calabaza. Sabor dulce t\u00edpico, olor y textura t\u00edpicos del turr\u00f3n de fruta.<\/p>\n<p>Presentado envuelto individualmente. (Producto de pasteler\u00eda)<\/p>\n","protected":false},"featured_media":22045,"template":"","meta":{"_acf_changed":false,"_uag_custom_page_level_css":"","_genesis_hide_title":false,"_genesis_hide_breadcrumbs":false,"_genesis_hide_singular_image":false,"_genesis_hide_footer_widgets":false,"_genesis_custom_body_class":"","_genesis_custom_post_class":"","_genesis_layout":""},"product_brand":[],"product_cat":[1655,1729,1727,1744,1662],"product_tag":[],"class_list":{"0":"post-13946","1":"product","2":"type-product","3":"status-publish","4":"has-post-thumbnail","6":"product_cat-christmas-specialties","7":"product_cat-distributors","8":"product_cat-online-store","9":"product_cat-packaged-christmas-confectionery","10":"product_cat-turron","11":"entry","13":"first","14":"outofstock","15":"shipping-taxable","16":"purchasable","17":"product-type-variable"},"acf":[],"df_price":29.35,"df_sale_price":"","df_regular_price":29.35,"df_image_link":"https:\/\/lapasion.es\/wp-content\/uploads\/2017\/09\/Caja-pasioncicos-mazapan-fruta-300x300.jpg","uagb_featured_image_src":{"full":["https:\/\/lapasion.es\/wp-content\/uploads\/2017\/09\/Caja-pasioncicos-mazapan-fruta.jpg",500,500,false],"thumbnail":["https:\/\/lapasion.es\/wp-content\/uploads\/2017\/09\/Caja-pasioncicos-mazapan-fruta-150x150.jpg",150,150,true],"medium":["https:\/\/lapasion.es\/wp-content\/uploads\/2017\/09\/Caja-pasioncicos-mazapan-fruta-300x300.jpg",300,300,true],"medium_large":["https:\/\/lapasion.es\/wp-content\/uploads\/2017\/09\/Caja-pasioncicos-mazapan-fruta.jpg",500,500,false],"large":["https:\/\/lapasion.es\/wp-content\/uploads\/2017\/09\/Caja-pasioncicos-mazapan-fruta.jpg",500,500,false],"1536x1536":["https:\/\/lapasion.es\/wp-content\/uploads\/2017\/09\/Caja-pasioncicos-mazapan-fruta.jpg",500,500,false],"2048x2048":["https:\/\/lapasion.es\/wp-content\/uploads\/2017\/09\/Caja-pasioncicos-mazapan-fruta.jpg",500,500,false],"gur_featured_image":["https:\/\/lapasion.es\/wp-content\/uploads\/2017\/09\/Caja-pasioncicos-mazapan-fruta.jpg",500,500,false],"gur_blog_thumbnail":["https:\/\/lapasion.es\/wp-content\/uploads\/2017\/09\/Caja-pasioncicos-mazapan-fruta.jpg",500,500,false],"woocommerce_thumbnail":["https:\/\/lapasion.es\/wp-content\/uploads\/2017\/09\/Caja-pasioncicos-mazapan-fruta.jpg",500,500,false],"woocommerce_single":["https:\/\/lapasion.es\/wp-content\/uploads\/2017\/09\/Caja-pasioncicos-mazapan-fruta.jpg",500,500,false],"woocommerce_gallery_thumbnail":["https:\/\/lapasion.es\/wp-content\/uploads\/2017\/09\/Caja-pasioncicos-mazapan-fruta-100x100.jpg",100,100,true]},"uagb_author_info":{"display_name":"incaelum","author_link":"https:\/\/lapasion.es\/en\/author\/"},"uagb_comment_info":0,"uagb_excerpt":"El producto se obtiene por cocci\u00f3n de una mezcla de az\u00facar y jarabe de glucosa, y posterior a\u00f1adido de almendra molida y cubitos de calabaza. Sabor dulce t\u00edpico, olor y textura t\u00edpicos del turr\u00f3n de fruta. Presentado envuelto individualmente. (Producto de pasteler\u00eda)","_links":{"self":[{"href":"https:\/\/lapasion.es\/en\/wp-json\/wp\/v2\/product\/13946","targetHints":{"allow":["GET"]}}],"collection":[{"href":"https:\/\/lapasion.es\/en\/wp-json\/wp\/v2\/product"}],"about":[{"href":"https:\/\/lapasion.es\/en\/wp-json\/wp\/v2\/types\/product"}],"wp:featuredmedia":[{"embeddable":true,"href":"https:\/\/lapasion.es\/en\/wp-json\/wp\/v2\/media\/22045"}],"wp:attachment":[{"href":"https:\/\/lapasion.es\/en\/wp-json\/wp\/v2\/media?parent=13946"}],"wp:term":[{"taxonomy":"product_brand","embeddable":true,"href":"https:\/\/lapasion.es\/en\/wp-json\/wp\/v2\/product_brand?post=13946"},{"taxonomy":"product_cat","embeddable":true,"href":"https:\/\/lapasion.es\/en\/wp-json\/wp\/v2\/product_cat?post=13946"},{"taxonomy":"product_tag","embeddable":true,"href":"https:\/\/lapasion.es\/en\/wp-json\/wp\/v2\/product_tag?post=13946"}],"curies":[{"name":"wp","href":"https:\/\/api.w.org\/{rel}","templated":true}]}}