{"id":13944,"date":"2017-09-13T10:25:45","date_gmt":"2017-09-13T08:25:45","guid":{"rendered":"https:\/\/lapasion.es\/producto\/pasioncico-blando\/"},"modified":"2023-11-24T11:57:45","modified_gmt":"2023-11-24T09:57:45","slug":"turron-soft","status":"publish","type":"product","link":"https:\/\/lapasion.es\/en\/product\/turron-soft\/","title":{"rendered":"Portions of Soft Nougat | Supreme Quality"},"content":{"rendered":"<p><strong>ALMONDS<\/strong> (64%), sugar, glucose and fructose syrup, honey, stabilizer E-471 and egg white of <strong>EGG<\/strong>. <strong>May contain traces of gluten, soy, milk, nuts, peanuts, sesame and sulfites.<\/strong><\/p>\n","protected":false},"excerpt":{"rendered":"<p>Del &#8220;Turun&#8221; al turr\u00f3n Lapasion. Como no pod\u00eda ser de otra forma el turr\u00f3n &#8220;blando&#8221; Lapasion, hecho con un 64% de Almendra, es la mejor evoluci\u00f3n que un producto puede tener.<\/p>\n<p>Presentado envuelto individualmente. (Producto de pasteler\u00eda)<\/p>\n","protected":false},"featured_media":22048,"template":"","meta":{"_acf_changed":false,"_uag_custom_page_level_css":"","_genesis_hide_title":false,"_genesis_hide_breadcrumbs":false,"_genesis_hide_singular_image":false,"_genesis_hide_footer_widgets":false,"_genesis_custom_body_class":"","_genesis_custom_post_class":"","_genesis_layout":""},"product_brand":[],"product_cat":[1655,1729,1727,1744,1662],"product_tag":[],"class_list":{"0":"post-13944","1":"product","2":"type-product","3":"status-publish","4":"has-post-thumbnail","6":"product_cat-christmas-specialties","7":"product_cat-distributors","8":"product_cat-online-store","9":"product_cat-packaged-christmas-confectionery","10":"product_cat-turron","11":"entry","13":"first","14":"instock","15":"shipping-taxable","16":"purchasable","17":"product-type-variable"},"acf":[],"df_price":34.47,"df_sale_price":"","df_regular_price":34.47,"df_image_link":"https:\/\/lapasion.es\/wp-content\/uploads\/2017\/09\/Caja-pasioncico-blando-suprema-sin-azucares-anadidos-300x300.jpg","uagb_featured_image_src":{"full":["https:\/\/lapasion.es\/wp-content\/uploads\/2017\/09\/Caja-pasioncico-blando-suprema-sin-azucares-anadidos.jpg",500,500,false],"thumbnail":["https:\/\/lapasion.es\/wp-content\/uploads\/2017\/09\/Caja-pasioncico-blando-suprema-sin-azucares-anadidos-150x150.jpg",150,150,true],"medium":["https:\/\/lapasion.es\/wp-content\/uploads\/2017\/09\/Caja-pasioncico-blando-suprema-sin-azucares-anadidos-300x300.jpg",300,300,true],"medium_large":["https:\/\/lapasion.es\/wp-content\/uploads\/2017\/09\/Caja-pasioncico-blando-suprema-sin-azucares-anadidos.jpg",500,500,false],"large":["https:\/\/lapasion.es\/wp-content\/uploads\/2017\/09\/Caja-pasioncico-blando-suprema-sin-azucares-anadidos.jpg",500,500,false],"1536x1536":["https:\/\/lapasion.es\/wp-content\/uploads\/2017\/09\/Caja-pasioncico-blando-suprema-sin-azucares-anadidos.jpg",500,500,false],"2048x2048":["https:\/\/lapasion.es\/wp-content\/uploads\/2017\/09\/Caja-pasioncico-blando-suprema-sin-azucares-anadidos.jpg",500,500,false],"gur_featured_image":["https:\/\/lapasion.es\/wp-content\/uploads\/2017\/09\/Caja-pasioncico-blando-suprema-sin-azucares-anadidos.jpg",500,500,false],"gur_blog_thumbnail":["https:\/\/lapasion.es\/wp-content\/uploads\/2017\/09\/Caja-pasioncico-blando-suprema-sin-azucares-anadidos.jpg",500,500,false],"woocommerce_thumbnail":["https:\/\/lapasion.es\/wp-content\/uploads\/2017\/09\/Caja-pasioncico-blando-suprema-sin-azucares-anadidos.jpg",500,500,false],"woocommerce_single":["https:\/\/lapasion.es\/wp-content\/uploads\/2017\/09\/Caja-pasioncico-blando-suprema-sin-azucares-anadidos.jpg",500,500,false],"woocommerce_gallery_thumbnail":["https:\/\/lapasion.es\/wp-content\/uploads\/2017\/09\/Caja-pasioncico-blando-suprema-sin-azucares-anadidos-100x100.jpg",100,100,true]},"uagb_author_info":{"display_name":"incaelum","author_link":"https:\/\/lapasion.es\/en\/author\/"},"uagb_comment_info":0,"uagb_excerpt":"Del \"Turun\" al turr\u00f3n Lapasion. Como no pod\u00eda ser de otra forma el turr\u00f3n \"blando\" Lapasion, hecho con un 64% de Almendra, es la mejor evoluci\u00f3n que un producto puede tener. Presentado envuelto individualmente. (Producto de pasteler\u00eda)","_links":{"self":[{"href":"https:\/\/lapasion.es\/en\/wp-json\/wp\/v2\/product\/13944","targetHints":{"allow":["GET"]}}],"collection":[{"href":"https:\/\/lapasion.es\/en\/wp-json\/wp\/v2\/product"}],"about":[{"href":"https:\/\/lapasion.es\/en\/wp-json\/wp\/v2\/types\/product"}],"wp:featuredmedia":[{"embeddable":true,"href":"https:\/\/lapasion.es\/en\/wp-json\/wp\/v2\/media\/22048"}],"wp:attachment":[{"href":"https:\/\/lapasion.es\/en\/wp-json\/wp\/v2\/media?parent=13944"}],"wp:term":[{"taxonomy":"product_brand","embeddable":true,"href":"https:\/\/lapasion.es\/en\/wp-json\/wp\/v2\/product_brand?post=13944"},{"taxonomy":"product_cat","embeddable":true,"href":"https:\/\/lapasion.es\/en\/wp-json\/wp\/v2\/product_cat?post=13944"},{"taxonomy":"product_tag","embeddable":true,"href":"https:\/\/lapasion.es\/en\/wp-json\/wp\/v2\/product_tag?post=13944"}],"curies":[{"name":"wp","href":"https:\/\/api.w.org\/{rel}","templated":true}]}}