{"id":13932,"date":"2017-09-13T10:25:48","date_gmt":"2017-09-13T08:25:48","guid":{"rendered":"https:\/\/lapasion.es\/producto\/pasioncico-bombon-almendra\/"},"modified":"2023-11-23T14:04:03","modified_gmt":"2023-11-23T12:04:03","slug":"turron-chocolate-with-almond-wrapped","status":"publish","type":"product","link":"https:\/\/lapasion.es\/en\/product\/turron-chocolate-with-almond-wrapped\/","title":{"rendered":"Pasioncico Supreme Almond Bombon 2,5 Kg box"},"content":{"rendered":"<p><strong>ALMOND<\/strong> (40%), sugar, cocoa butter, <strong>MILK<\/strong> powder: 11.4%, cocoa mass, emulsifier: <strong>SOY<\/strong> lecithin, natural vanilla flavor. Cocoa: 19% minimum.<strong> May contain traces of gluten, eggs, nuts, peanuts and sulfites.<\/strong><\/p>\n","protected":false},"excerpt":{"rendered":"<p><span class=\"a-list-item\"> CALIDAD SUPREMA | Producido con cobertura de chocolate con leche, adici\u00f3n de almendra tostada entera, troceada o molida, atemperado y moldeado con diversos formatos. Sabor dulce t\u00edpico, olor y textura t\u00edpicos del turr\u00f3n. <\/span><\/p>\n<p><span class=\"a-list-item\"> DULCES NAVIDE\u00d1OS: el turr\u00f3n es el dulce m\u00e1s t\u00edpico en Navidad, y no puede faltar en nuestras mesas en unas fechas tan especiales. <\/span><\/p>\n<p><span class=\"a-list-item\"> PRESENTACI\u00d3N | Caja de 2,5kg con porciones de turr\u00f3n envueltas individualmente para una mejor conservaci\u00f3n. <\/span><\/p>\n<p><span class=\"a-list-item\"> CONSUMO PREFERENTE Y SONCSERVACI\u00d3N | 13 meses. Conservar en lugar fresco, seco y alejado de olores extra\u00f1os. Evitar cambios bruscos de temperatura. Temperatura \u00f3ptima entre 10 y 22o C. Humedad relativa: inferior al 70%.<\/span><\/p>\n<p>Presentado envuelto individualmente. (Producto de pasteler\u00eda)<\/p>\n<p>&nbsp;<\/p>\n","protected":false},"featured_media":22069,"template":"","meta":{"_acf_changed":false,"_uag_custom_page_level_css":"","_genesis_hide_title":false,"_genesis_hide_breadcrumbs":false,"_genesis_hide_singular_image":false,"_genesis_hide_footer_widgets":false,"_genesis_custom_body_class":"","_genesis_custom_post_class":"","_genesis_layout":""},"product_brand":[],"product_cat":[1655,1729,1727,1744,1662],"product_tag":[],"class_list":{"0":"post-13932","1":"product","2":"type-product","3":"status-publish","4":"has-post-thumbnail","6":"product_cat-christmas-specialties","7":"product_cat-distributors","8":"product_cat-online-store","9":"product_cat-packaged-christmas-confectionery","10":"product_cat-turron","11":"entry","13":"first","14":"instock","15":"shipping-taxable","16":"purchasable","17":"product-type-variable"},"acf":[],"df_price":43.99,"df_sale_price":"","df_regular_price":43.99,"df_image_link":"https:\/\/lapasion.es\/wp-content\/uploads\/2017\/09\/Cajas-turron-choco-almendra-suprema-300x300.jpg","uagb_featured_image_src":{"full":["https:\/\/lapasion.es\/wp-content\/uploads\/2017\/09\/Cajas-turron-choco-almendra-suprema.jpg",500,500,false],"thumbnail":["https:\/\/lapasion.es\/wp-content\/uploads\/2017\/09\/Cajas-turron-choco-almendra-suprema-150x150.jpg",150,150,true],"medium":["https:\/\/lapasion.es\/wp-content\/uploads\/2017\/09\/Cajas-turron-choco-almendra-suprema-300x300.jpg",300,300,true],"medium_large":["https:\/\/lapasion.es\/wp-content\/uploads\/2017\/09\/Cajas-turron-choco-almendra-suprema.jpg",500,500,false],"large":["https:\/\/lapasion.es\/wp-content\/uploads\/2017\/09\/Cajas-turron-choco-almendra-suprema.jpg",500,500,false],"1536x1536":["https:\/\/lapasion.es\/wp-content\/uploads\/2017\/09\/Cajas-turron-choco-almendra-suprema.jpg",500,500,false],"2048x2048":["https:\/\/lapasion.es\/wp-content\/uploads\/2017\/09\/Cajas-turron-choco-almendra-suprema.jpg",500,500,false],"gur_featured_image":["https:\/\/lapasion.es\/wp-content\/uploads\/2017\/09\/Cajas-turron-choco-almendra-suprema.jpg",500,500,false],"gur_blog_thumbnail":["https:\/\/lapasion.es\/wp-content\/uploads\/2017\/09\/Cajas-turron-choco-almendra-suprema.jpg",500,500,false],"woocommerce_thumbnail":["https:\/\/lapasion.es\/wp-content\/uploads\/2017\/09\/Cajas-turron-choco-almendra-suprema.jpg",500,500,false],"woocommerce_single":["https:\/\/lapasion.es\/wp-content\/uploads\/2017\/09\/Cajas-turron-choco-almendra-suprema.jpg",500,500,false],"woocommerce_gallery_thumbnail":["https:\/\/lapasion.es\/wp-content\/uploads\/2017\/09\/Cajas-turron-choco-almendra-suprema-100x100.jpg",100,100,true]},"uagb_author_info":{"display_name":"incaelum","author_link":"https:\/\/lapasion.es\/en\/author\/"},"uagb_comment_info":0,"uagb_excerpt":"CALIDAD SUPREMA | Producido con cobertura de chocolate con leche, adici\u00f3n de almendra tostada entera, troceada o molida, atemperado y moldeado con diversos formatos. Sabor dulce t\u00edpico, olor y textura t\u00edpicos del turr\u00f3n. DULCES NAVIDE\u00d1OS: el turr\u00f3n es el dulce m\u00e1s t\u00edpico en Navidad, y no puede faltar en nuestras mesas en unas fechas tan&hellip;","_links":{"self":[{"href":"https:\/\/lapasion.es\/en\/wp-json\/wp\/v2\/product\/13932","targetHints":{"allow":["GET"]}}],"collection":[{"href":"https:\/\/lapasion.es\/en\/wp-json\/wp\/v2\/product"}],"about":[{"href":"https:\/\/lapasion.es\/en\/wp-json\/wp\/v2\/types\/product"}],"wp:featuredmedia":[{"embeddable":true,"href":"https:\/\/lapasion.es\/en\/wp-json\/wp\/v2\/media\/22069"}],"wp:attachment":[{"href":"https:\/\/lapasion.es\/en\/wp-json\/wp\/v2\/media?parent=13932"}],"wp:term":[{"taxonomy":"product_brand","embeddable":true,"href":"https:\/\/lapasion.es\/en\/wp-json\/wp\/v2\/product_brand?post=13932"},{"taxonomy":"product_cat","embeddable":true,"href":"https:\/\/lapasion.es\/en\/wp-json\/wp\/v2\/product_cat?post=13932"},{"taxonomy":"product_tag","embeddable":true,"href":"https:\/\/lapasion.es\/en\/wp-json\/wp\/v2\/product_tag?post=13932"}],"curies":[{"name":"wp","href":"https:\/\/api.w.org\/{rel}","templated":true}]}}