{"id":13927,"date":"2017-09-13T10:27:22","date_gmt":"2017-09-13T08:27:22","guid":{"rendered":"https:\/\/lapasion.es\/producto\/mazapan-pinon-con-edulcorante\/"},"modified":"2023-11-23T13:38:30","modified_gmt":"2023-11-23T11:38:30","slug":"mazapan-pinion-with-edulcorant","status":"publish","type":"product","link":"https:\/\/lapasion.es\/en\/product\/mazapan-pinion-with-edulcorant\/","title":{"rendered":"Marzipan Pine Nut with No Sugars Added"},"content":{"rendered":"<p>Sweetener (maltitol), <strong>ALMOND<\/strong>, pine nuts, <strong>EGG<\/strong>, preservative: sorbic acid and acidifier: citric acid.<strong> May contain traces of gluten, soy and sulfites.<\/strong><\/p>\n","protected":false},"excerpt":{"rendered":"<p>Si pruebas este mazap\u00e1n hecho con almendra y maltitol, y cubierto con pi\u00f1ones no querr\u00e1s probar otro.<\/p>\n<p>Presentado envuelto individualmente. (producto de reporter\u00eda)<\/p>\n<p>\/\/www.lapasion.es\/ficheros\/productos\/ficha\/398.pdf&#8217;<\/p>\n","protected":false},"featured_media":22416,"template":"","meta":{"_acf_changed":false,"_uag_custom_page_level_css":"","_genesis_hide_title":false,"_genesis_hide_breadcrumbs":false,"_genesis_hide_singular_image":false,"_genesis_hide_footer_widgets":false,"_genesis_custom_body_class":"","_genesis_custom_post_class":"","_genesis_layout":""},"product_brand":[],"product_cat":[1729,1744],"product_tag":[1659],"class_list":{"0":"post-13927","1":"product","2":"type-product","3":"status-publish","4":"has-post-thumbnail","6":"product_cat-distributors","7":"product_cat-packaged-christmas-confectionery","8":"product_tag-sugar-free-pastries","9":"entry","11":"first","12":"outofstock","13":"shipping-taxable","14":"purchasable","15":"product-type-variable"},"acf":[],"df_price":34.12,"df_sale_price":"","df_regular_price":34.12,"df_image_link":"https:\/\/lapasion.es\/wp-content\/uploads\/2017\/09\/7-2-300x300.jpg","uagb_featured_image_src":{"full":["https:\/\/lapasion.es\/wp-content\/uploads\/2017\/09\/7-2.jpg",500,500,false],"thumbnail":["https:\/\/lapasion.es\/wp-content\/uploads\/2017\/09\/7-2-150x150.jpg",150,150,true],"medium":["https:\/\/lapasion.es\/wp-content\/uploads\/2017\/09\/7-2-300x300.jpg",300,300,true],"medium_large":["https:\/\/lapasion.es\/wp-content\/uploads\/2017\/09\/7-2.jpg",500,500,false],"large":["https:\/\/lapasion.es\/wp-content\/uploads\/2017\/09\/7-2.jpg",500,500,false],"1536x1536":["https:\/\/lapasion.es\/wp-content\/uploads\/2017\/09\/7-2.jpg",500,500,false],"2048x2048":["https:\/\/lapasion.es\/wp-content\/uploads\/2017\/09\/7-2.jpg",500,500,false],"gur_featured_image":["https:\/\/lapasion.es\/wp-content\/uploads\/2017\/09\/7-2.jpg",500,500,false],"gur_blog_thumbnail":["https:\/\/lapasion.es\/wp-content\/uploads\/2017\/09\/7-2.jpg",500,500,false],"woocommerce_thumbnail":["https:\/\/lapasion.es\/wp-content\/uploads\/2017\/09\/7-2.jpg",500,500,false],"woocommerce_single":["https:\/\/lapasion.es\/wp-content\/uploads\/2017\/09\/7-2.jpg",500,500,false],"woocommerce_gallery_thumbnail":["https:\/\/lapasion.es\/wp-content\/uploads\/2017\/09\/7-2-100x100.jpg",100,100,true]},"uagb_author_info":{"display_name":"incaelum","author_link":"https:\/\/lapasion.es\/en\/author\/"},"uagb_comment_info":0,"uagb_excerpt":"Si pruebas este mazap\u00e1n hecho con almendra y maltitol, y cubierto con pi\u00f1ones no querr\u00e1s probar otro. Presentado envuelto individualmente. (producto de reporter\u00eda) \/\/www.lapasion.es\/ficheros\/productos\/ficha\/398.pdf'","_links":{"self":[{"href":"https:\/\/lapasion.es\/en\/wp-json\/wp\/v2\/product\/13927","targetHints":{"allow":["GET"]}}],"collection":[{"href":"https:\/\/lapasion.es\/en\/wp-json\/wp\/v2\/product"}],"about":[{"href":"https:\/\/lapasion.es\/en\/wp-json\/wp\/v2\/types\/product"}],"wp:featuredmedia":[{"embeddable":true,"href":"https:\/\/lapasion.es\/en\/wp-json\/wp\/v2\/media\/22416"}],"wp:attachment":[{"href":"https:\/\/lapasion.es\/en\/wp-json\/wp\/v2\/media?parent=13927"}],"wp:term":[{"taxonomy":"product_brand","embeddable":true,"href":"https:\/\/lapasion.es\/en\/wp-json\/wp\/v2\/product_brand?post=13927"},{"taxonomy":"product_cat","embeddable":true,"href":"https:\/\/lapasion.es\/en\/wp-json\/wp\/v2\/product_cat?post=13927"},{"taxonomy":"product_tag","embeddable":true,"href":"https:\/\/lapasion.es\/en\/wp-json\/wp\/v2\/product_tag?post=13927"}],"curies":[{"name":"wp","href":"https:\/\/api.w.org\/{rel}","templated":true}]}}