{"id":13923,"date":"2017-09-13T10:23:32","date_gmt":"2017-09-13T08:23:32","guid":{"rendered":"https:\/\/lapasion.es\/producto\/leticias\/"},"modified":"2023-11-23T11:43:11","modified_gmt":"2023-11-23T09:43:11","slug":"leticias","status":"publish","type":"product","link":"https:\/\/lapasion.es\/en\/product\/leticias\/","title":{"rendered":"Candied orange segments with chocolate | 2.5Kg (news)."},"content":{"rendered":"<p>Candied orange (55%) (orange, sugar, glucose and fructose syrup, acidulant (E-330) and chocolate coating (45%) (cocoa mass, sugar, cocoa butter, emulsifier: <strong>SOY<\/strong> lecithin and natural flavor vanilla). Cocoa: 57% minimum in chocolate. <strong>May contain traces of gluten, eggs, milk, nuts, peanuts, sesame and sulfites.<\/strong><\/p>\n","protected":false},"excerpt":{"rendered":"<p><span class=\"a-list-item\"><strong> LETICIAS<\/strong> | Naranja al chocolate. <\/span><\/p>\n<p><span class=\"a-list-item\"><strong> ELABORACI\u00d3N<\/strong> | El producto se obtiene mediante el confitado de discos de naranja, y posteriormente se le da un ba\u00f1ado de chocolate. Sabor dulce t\u00edpico, olor y textura t\u00edpicos de la fruta confitada con chocolate. <\/span><\/p>\n<p><span class=\"a-list-item\"><strong> DULCES NAVIDE\u00d1O<\/strong>S: Las Leticias son un dulce t\u00edpico en Navidad, y no puede faltar en nuestras mesas en unas fechas tan especiales. Aunque se pueden consumir en cualquier \u00e9poca del a\u00f1o. <\/span><\/p>\n<p><span class=\"a-list-item\"><strong> PRESENTACI\u00d3N<\/strong> | Caja 2.5 kg con Leticias envueltas individualmente para una mejor conservaci\u00f3n. <strong>CONSUMO PREFERENTE Y SONCSERVACI\u00d3N<\/strong> | 24 meses. Conservar en lugar fresco, seco y alejado de olores extra\u00f1os. Evitar cambios bruscos de temperatura. Temperatura \u00f3ptima entre 15 y 22 \u00baC. Humedad relativa: inferior al 65%<\/span><\/p>\n<p>Presentado envasado individualmente. (Producto de pasteler\u00eda)<\/p>\n<p>&nbsp;<\/p>\n","protected":false},"featured_media":22116,"template":"","meta":{"_acf_changed":false,"_uag_custom_page_level_css":"","_genesis_hide_title":false,"_genesis_hide_breadcrumbs":false,"_genesis_hide_singular_image":false,"_genesis_hide_footer_widgets":false,"_genesis_custom_body_class":"","_genesis_custom_post_class":"","_genesis_layout":""},"product_brand":[],"product_cat":[1656,1655,1729,1727,1744],"product_tag":[],"class_list":{"0":"post-13923","1":"product","2":"type-product","3":"status-publish","4":"has-post-thumbnail","6":"product_cat-candied-fruits-with-chocolate","7":"product_cat-christmas-specialties","8":"product_cat-distributors","9":"product_cat-online-store","10":"product_cat-packaged-christmas-confectionery","11":"entry","13":"first","14":"instock","15":"shipping-taxable","16":"purchasable","17":"product-type-variable"},"acf":[],"df_price":42.5,"df_sale_price":"","df_regular_price":42.5,"df_image_link":"https:\/\/lapasion.es\/wp-content\/uploads\/2017\/09\/Leticias-8-300x300.jpg","uagb_featured_image_src":{"full":["https:\/\/lapasion.es\/wp-content\/uploads\/2017\/09\/Leticias-8.jpg",500,500,false],"thumbnail":["https:\/\/lapasion.es\/wp-content\/uploads\/2017\/09\/Leticias-8-150x150.jpg",150,150,true],"medium":["https:\/\/lapasion.es\/wp-content\/uploads\/2017\/09\/Leticias-8-300x300.jpg",300,300,true],"medium_large":["https:\/\/lapasion.es\/wp-content\/uploads\/2017\/09\/Leticias-8.jpg",500,500,false],"large":["https:\/\/lapasion.es\/wp-content\/uploads\/2017\/09\/Leticias-8.jpg",500,500,false],"1536x1536":["https:\/\/lapasion.es\/wp-content\/uploads\/2017\/09\/Leticias-8.jpg",500,500,false],"2048x2048":["https:\/\/lapasion.es\/wp-content\/uploads\/2017\/09\/Leticias-8.jpg",500,500,false],"gur_featured_image":["https:\/\/lapasion.es\/wp-content\/uploads\/2017\/09\/Leticias-8.jpg",500,500,false],"gur_blog_thumbnail":["https:\/\/lapasion.es\/wp-content\/uploads\/2017\/09\/Leticias-8.jpg",500,500,false],"woocommerce_thumbnail":["https:\/\/lapasion.es\/wp-content\/uploads\/2017\/09\/Leticias-8.jpg",500,500,false],"woocommerce_single":["https:\/\/lapasion.es\/wp-content\/uploads\/2017\/09\/Leticias-8.jpg",500,500,false],"woocommerce_gallery_thumbnail":["https:\/\/lapasion.es\/wp-content\/uploads\/2017\/09\/Leticias-8-100x100.jpg",100,100,true]},"uagb_author_info":{"display_name":"incaelum","author_link":"https:\/\/lapasion.es\/en\/author\/"},"uagb_comment_info":0,"uagb_excerpt":"LETICIAS | Naranja al chocolate. ELABORACI\u00d3N | El producto se obtiene mediante el confitado de discos de naranja, y posteriormente se le da un ba\u00f1ado de chocolate. Sabor dulce t\u00edpico, olor y textura t\u00edpicos de la fruta confitada con chocolate. DULCES NAVIDE\u00d1OS: Las Leticias son un dulce t\u00edpico en Navidad, y no puede faltar en&hellip;","_links":{"self":[{"href":"https:\/\/lapasion.es\/en\/wp-json\/wp\/v2\/product\/13923","targetHints":{"allow":["GET"]}}],"collection":[{"href":"https:\/\/lapasion.es\/en\/wp-json\/wp\/v2\/product"}],"about":[{"href":"https:\/\/lapasion.es\/en\/wp-json\/wp\/v2\/types\/product"}],"wp:featuredmedia":[{"embeddable":true,"href":"https:\/\/lapasion.es\/en\/wp-json\/wp\/v2\/media\/22116"}],"wp:attachment":[{"href":"https:\/\/lapasion.es\/en\/wp-json\/wp\/v2\/media?parent=13923"}],"wp:term":[{"taxonomy":"product_brand","embeddable":true,"href":"https:\/\/lapasion.es\/en\/wp-json\/wp\/v2\/product_brand?post=13923"},{"taxonomy":"product_cat","embeddable":true,"href":"https:\/\/lapasion.es\/en\/wp-json\/wp\/v2\/product_cat?post=13923"},{"taxonomy":"product_tag","embeddable":true,"href":"https:\/\/lapasion.es\/en\/wp-json\/wp\/v2\/product_tag?post=13923"}],"curies":[{"name":"wp","href":"https:\/\/api.w.org\/{rel}","templated":true}]}}